{"id":218157,"date":"2026-03-04T03:59:04","date_gmt":"2026-03-04T02:59:04","guid":{"rendered":"https:\/\/grupotextil.es\/producto\/abanico-stamina-zante-3113\/"},"modified":"2026-03-04T06:15:33","modified_gmt":"2026-03-04T05:15:33","slug":"abanico-stamina-zante-3113","status":"publish","type":"product","link":"https:\/\/grupotextil.es\/en\/product\/abanico-stamina-zante-3113\/","title":{"rendered":"Abanico Stamina Zante 3113"},"content":{"rendered":"<p>Abanico con varillas de madera y tela en algod\u00f3n perfecto para los d\u00edas m\u00e1s calurosos.<\/p>","protected":false},"excerpt":{"rendered":"<p>Abanico con varillas de madera y tela en algod\u00f3n perfecto para los d\u00edas m\u00e1s calurosos.<\/p>","protected":false},"featured_media":218158,"comment_status":"open","ping_status":"closed","template":"","meta":{"_acf_changed":false},"product_brand":[14012],"product_cat":[13961,14006],"product_tag":[],"class_list":{"0":"post-218157","1":"product","2":"type-product","3":"status-publish","4":"has-post-thumbnail","6":"product_brand-stamina","7":"product_cat-mr-articulos-de-playa","8":"product_cat-acc-merchandising","9":"tm-no-options","11":"first","12":"instock","13":"taxable","14":"shipping-taxable","15":"product-type-variable"},"acf":[],"_links":{"self":[{"href":"https:\/\/grupotextil.es\/en\/wp-json\/wp\/v2\/product\/218157","targetHints":{"allow":["GET"]}}],"collection":[{"href":"https:\/\/grupotextil.es\/en\/wp-json\/wp\/v2\/product"}],"about":[{"href":"https:\/\/grupotextil.es\/en\/wp-json\/wp\/v2\/types\/product"}],"replies":[{"embeddable":true,"href":"https:\/\/grupotextil.es\/en\/wp-json\/wp\/v2\/comments?post=218157"}],"wp:featuredmedia":[{"embeddable":true,"href":"https:\/\/grupotextil.es\/en\/wp-json\/wp\/v2\/media\/218158"}],"wp:attachment":[{"href":"https:\/\/grupotextil.es\/en\/wp-json\/wp\/v2\/media?parent=218157"}],"wp:term":[{"taxonomy":"product_brand","embeddable":true,"href":"https:\/\/grupotextil.es\/en\/wp-json\/wp\/v2\/product_brand?post=218157"},{"taxonomy":"product_cat","embeddable":true,"href":"https:\/\/grupotextil.es\/en\/wp-json\/wp\/v2\/product_cat?post=218157"},{"taxonomy":"product_tag","embeddable":true,"href":"https:\/\/grupotextil.es\/en\/wp-json\/wp\/v2\/product_tag?post=218157"}],"curies":[{"name":"wp","href":"https:\/\/api.w.org\/{rel}","templated":true}]}}