{"id":218169,"date":"2026-03-04T03:59:21","date_gmt":"2026-03-04T02:59:21","guid":{"rendered":"https:\/\/grupotextil.es\/producto\/carpeta-a4-multiusos-con-bloc-de-notas-stamina-balok-7985\/"},"modified":"2026-03-04T06:15:33","modified_gmt":"2026-03-04T05:15:33","slug":"carpeta-a4-multiusos-con-bloc-de-notas-stamina-balok-7985","status":"publish","type":"product","link":"https:\/\/grupotextil.es\/en\/product\/carpeta-a4-multiusos-con-bloc-de-notas-stamina-balok-7985\/","title":{"rendered":"Carpeta A4 Multiusos Con Bloc de Notas Stamina Balok 7985"},"content":{"rendered":"<p>Carpeta A4 multiusos de corcho con cierre magn\u00e9tico. Incluye bloc extra\u00edble de 30 hojas a una raya, 4 compartimentos interiores y soporte para bol\u00edgrafo.<\/p>","protected":false},"excerpt":{"rendered":"<p>Carpeta A4 multiusos de corcho con cierre magn\u00e9tico. Incluye bloc extra\u00edble de 30 hojas a una raya, 4 compartimentos interiores y soporte para bol\u00edgrafo.<\/p>","protected":false},"featured_media":218170,"comment_status":"open","ping_status":"closed","template":"","meta":{"_acf_changed":false},"product_brand":[14012],"product_cat":[14006,13972],"product_tag":[],"class_list":{"0":"post-218169","1":"product","2":"type-product","3":"status-publish","4":"has-post-thumbnail","6":"product_brand-stamina","7":"product_cat-acc-merchandising","8":"product_cat-oficina-y-escritura","9":"tm-no-options","11":"first","12":"instock","13":"taxable","14":"shipping-taxable","15":"product-type-variable"},"acf":[],"_links":{"self":[{"href":"https:\/\/grupotextil.es\/en\/wp-json\/wp\/v2\/product\/218169","targetHints":{"allow":["GET"]}}],"collection":[{"href":"https:\/\/grupotextil.es\/en\/wp-json\/wp\/v2\/product"}],"about":[{"href":"https:\/\/grupotextil.es\/en\/wp-json\/wp\/v2\/types\/product"}],"replies":[{"embeddable":true,"href":"https:\/\/grupotextil.es\/en\/wp-json\/wp\/v2\/comments?post=218169"}],"wp:featuredmedia":[{"embeddable":true,"href":"https:\/\/grupotextil.es\/en\/wp-json\/wp\/v2\/media\/218170"}],"wp:attachment":[{"href":"https:\/\/grupotextil.es\/en\/wp-json\/wp\/v2\/media?parent=218169"}],"wp:term":[{"taxonomy":"product_brand","embeddable":true,"href":"https:\/\/grupotextil.es\/en\/wp-json\/wp\/v2\/product_brand?post=218169"},{"taxonomy":"product_cat","embeddable":true,"href":"https:\/\/grupotextil.es\/en\/wp-json\/wp\/v2\/product_cat?post=218169"},{"taxonomy":"product_tag","embeddable":true,"href":"https:\/\/grupotextil.es\/en\/wp-json\/wp\/v2\/product_tag?post=218169"}],"curies":[{"name":"wp","href":"https:\/\/api.w.org\/{rel}","templated":true}]}}