{"id":218191,"date":"2026-03-04T03:59:51","date_gmt":"2026-03-04T02:59:51","guid":{"rendered":"https:\/\/grupotextil.es\/producto\/gorra-stamina-tarvos-7024\/"},"modified":"2026-03-04T06:15:33","modified_gmt":"2026-03-04T05:15:33","slug":"gorra-stamina-tarvos-7024","status":"publish","type":"product","link":"https:\/\/grupotextil.es\/en\/product\/gorra-stamina-tarvos-7024\/","title":{"rendered":"Gorra Stamina Tarvos 7024"},"content":{"rendered":"<p>Gorra de 5 paneles 100% algod\u00f3n org\u00e1nico. Cierre de velcro ajustable y orificios de ventilaci\u00f3n.<\/p>","protected":false},"excerpt":{"rendered":"<p>Gorra de 5 paneles 100% algod\u00f3n org\u00e1nico. Cierre de velcro ajustable y orificios de ventilaci\u00f3n.<\/p>","protected":false},"featured_media":218192,"comment_status":"open","ping_status":"closed","template":"","meta":{"_acf_changed":false},"product_brand":[14012],"product_cat":[13948,14008,14007,9841],"product_tag":[],"class_list":{"0":"post-218191","1":"product","2":"type-product","3":"status-publish","4":"has-post-thumbnail","6":"product_brand-stamina","7":"product_cat-accesorios","8":"product_cat-accesorios-reciclados","9":"product_cat-ropa-organica","10":"product_cat-sostenible","11":"tm-no-options","13":"first","14":"instock","15":"taxable","16":"shipping-taxable","17":"product-type-variable"},"acf":[],"_links":{"self":[{"href":"https:\/\/grupotextil.es\/en\/wp-json\/wp\/v2\/product\/218191","targetHints":{"allow":["GET"]}}],"collection":[{"href":"https:\/\/grupotextil.es\/en\/wp-json\/wp\/v2\/product"}],"about":[{"href":"https:\/\/grupotextil.es\/en\/wp-json\/wp\/v2\/types\/product"}],"replies":[{"embeddable":true,"href":"https:\/\/grupotextil.es\/en\/wp-json\/wp\/v2\/comments?post=218191"}],"wp:featuredmedia":[{"embeddable":true,"href":"https:\/\/grupotextil.es\/en\/wp-json\/wp\/v2\/media\/218192"}],"wp:attachment":[{"href":"https:\/\/grupotextil.es\/en\/wp-json\/wp\/v2\/media?parent=218191"}],"wp:term":[{"taxonomy":"product_brand","embeddable":true,"href":"https:\/\/grupotextil.es\/en\/wp-json\/wp\/v2\/product_brand?post=218191"},{"taxonomy":"product_cat","embeddable":true,"href":"https:\/\/grupotextil.es\/en\/wp-json\/wp\/v2\/product_cat?post=218191"},{"taxonomy":"product_tag","embeddable":true,"href":"https:\/\/grupotextil.es\/en\/wp-json\/wp\/v2\/product_tag?post=218191"}],"curies":[{"name":"wp","href":"https:\/\/api.w.org\/{rel}","templated":true}]}}