{"id":218383,"date":"2026-03-04T04:03:37","date_gmt":"2026-03-04T03:03:37","guid":{"rendered":"https:\/\/grupotextil.es\/producto\/outlet-altavoz-inalambrico-stamina-tenor-3192\/"},"modified":"2026-03-04T06:15:35","modified_gmt":"2026-03-04T05:15:35","slug":"outlet-altavoz-inalambrico-stamina-tenor-3192","status":"publish","type":"product","link":"https:\/\/grupotextil.es\/en\/product\/outlet-altavoz-inalambrico-stamina-tenor-3192\/","title":{"rendered":"*OUTLET* Altavoz Inal\u00e1mbrico Stamina Tenor 3192"},"content":{"rendered":"<p><strong>PRODUCTO QUE SE DESCATALOGAR\u00c1 EN 2025<\/strong> \u2013 Altavoz inal\u00e1mbrico con un bonito dise\u00f1o realizado con tejido ecol\u00f3gico RPET y atractivo dise\u00f1o. Base de carga inal\u00e1mbrica (5W). Potencia 3W. Conexi\u00f3n Tipo C. Cable incluido.<\/p>","protected":false},"excerpt":{"rendered":"<p><strong>PRODUCTO QUE SE DESCATALOGAR\u00c1 EN 2025<\/strong> \u2013 Altavoz inal\u00e1mbrico con un bonito dise\u00f1o realizado con tejido ecol\u00f3gico RPET y atractivo dise\u00f1o. Base de carga inal\u00e1mbrica (5W). Potencia 3W. Conexi\u00f3n Tipo C. Cable incluido.<\/p>","protected":false},"featured_media":218384,"comment_status":"open","ping_status":"closed","template":"","meta":{"_acf_changed":false},"product_brand":[14012],"product_cat":[13973],"product_tag":[],"class_list":{"0":"post-218383","1":"product","2":"type-product","3":"status-publish","4":"has-post-thumbnail","6":"product_brand-stamina","7":"product_cat-ropa","8":"tm-no-options","10":"first","11":"instock","12":"taxable","13":"shipping-taxable","14":"product-type-variable"},"acf":[],"_links":{"self":[{"href":"https:\/\/grupotextil.es\/en\/wp-json\/wp\/v2\/product\/218383","targetHints":{"allow":["GET"]}}],"collection":[{"href":"https:\/\/grupotextil.es\/en\/wp-json\/wp\/v2\/product"}],"about":[{"href":"https:\/\/grupotextil.es\/en\/wp-json\/wp\/v2\/types\/product"}],"replies":[{"embeddable":true,"href":"https:\/\/grupotextil.es\/en\/wp-json\/wp\/v2\/comments?post=218383"}],"wp:featuredmedia":[{"embeddable":true,"href":"https:\/\/grupotextil.es\/en\/wp-json\/wp\/v2\/media\/218384"}],"wp:attachment":[{"href":"https:\/\/grupotextil.es\/en\/wp-json\/wp\/v2\/media?parent=218383"}],"wp:term":[{"taxonomy":"product_brand","embeddable":true,"href":"https:\/\/grupotextil.es\/en\/wp-json\/wp\/v2\/product_brand?post=218383"},{"taxonomy":"product_cat","embeddable":true,"href":"https:\/\/grupotextil.es\/en\/wp-json\/wp\/v2\/product_cat?post=218383"},{"taxonomy":"product_tag","embeddable":true,"href":"https:\/\/grupotextil.es\/en\/wp-json\/wp\/v2\/product_tag?post=218383"}],"curies":[{"name":"wp","href":"https:\/\/api.w.org\/{rel}","templated":true}]}}