{"id":218390,"date":"2026-03-04T04:03:51","date_gmt":"2026-03-04T03:03:51","guid":{"rendered":"https:\/\/grupotextil.es\/producto\/altavoz-inalambrico-de-bambu-y-rpet-stamina-takay-3194\/"},"modified":"2026-03-04T06:15:35","modified_gmt":"2026-03-04T05:15:35","slug":"altavoz-inalambrico-de-bambu-y-rpet-stamina-takay-3194","status":"publish","type":"product","link":"https:\/\/grupotextil.es\/en\/product\/altavoz-inalambrico-de-bambu-y-rpet-stamina-takay-3194\/","title":{"rendered":"Altavoz Inal\u00e1mbrico de Bamb\u00fa y RPET Stamina Takay 3194"},"content":{"rendered":"<p><strong>PRODUCTO QUE SE DESCATALOGAR\u00c1 CUANDO SE AGOTEN LAS EXISTENCIAS<\/strong> \u2013 Altavoz inal\u00e1mbrico redondo con base y superficie elaboradas en bamb\u00fa y cuerpo en tejido gris RPET. Con 3W de potencia y bater\u00eda recargable de litio. Con conexi\u00f3n Tipo C de carga. Cuenta con indicador luminoso de carga. Reproducci\u00f3n de sonido v\u00eda Bluetooth. Hasta 4 horas de funcionamiento continuo y hasta 10 metros de distancia de funcionamiento.<\/p>","protected":false},"excerpt":{"rendered":"<p><strong>PRODUCTO QUE SE DESCATALOGAR\u00c1 CUANDO SE AGOTEN LAS EXISTENCIAS<\/strong> \u2013 Altavoz inal\u00e1mbrico redondo con base y superficie elaboradas en bamb\u00fa y cuerpo en tejido gris RPET. Con 3W de potencia y bater\u00eda recargable de litio. Con conexi\u00f3n Tipo C de carga. Cuenta con indicador luminoso de carga. Reproducci\u00f3n de sonido v\u00eda Bluetooth. Hasta 4 horas de funcionamiento continuo y hasta 10 metros de distancia de funcionamiento.<\/p>","protected":false},"featured_media":218391,"comment_status":"open","ping_status":"closed","template":"","meta":{"_acf_changed":false},"product_brand":[14012],"product_cat":[14006,13959],"product_tag":[],"class_list":{"0":"post-218390","1":"product","2":"type-product","3":"status-publish","4":"has-post-thumbnail","6":"product_brand-stamina","7":"product_cat-acc-merchandising","8":"product_cat-mr-tecnologia","9":"tm-no-options","11":"first","12":"instock","13":"taxable","14":"shipping-taxable","15":"product-type-variable"},"acf":[],"_links":{"self":[{"href":"https:\/\/grupotextil.es\/en\/wp-json\/wp\/v2\/product\/218390","targetHints":{"allow":["GET"]}}],"collection":[{"href":"https:\/\/grupotextil.es\/en\/wp-json\/wp\/v2\/product"}],"about":[{"href":"https:\/\/grupotextil.es\/en\/wp-json\/wp\/v2\/types\/product"}],"replies":[{"embeddable":true,"href":"https:\/\/grupotextil.es\/en\/wp-json\/wp\/v2\/comments?post=218390"}],"wp:featuredmedia":[{"embeddable":true,"href":"https:\/\/grupotextil.es\/en\/wp-json\/wp\/v2\/media\/218391"}],"wp:attachment":[{"href":"https:\/\/grupotextil.es\/en\/wp-json\/wp\/v2\/media?parent=218390"}],"wp:term":[{"taxonomy":"product_brand","embeddable":true,"href":"https:\/\/grupotextil.es\/en\/wp-json\/wp\/v2\/product_brand?post=218390"},{"taxonomy":"product_cat","embeddable":true,"href":"https:\/\/grupotextil.es\/en\/wp-json\/wp\/v2\/product_cat?post=218390"},{"taxonomy":"product_tag","embeddable":true,"href":"https:\/\/grupotextil.es\/en\/wp-json\/wp\/v2\/product_tag?post=218390"}],"curies":[{"name":"wp","href":"https:\/\/api.w.org\/{rel}","templated":true}]}}