{"id":218401,"date":"2026-03-04T04:04:12","date_gmt":"2026-03-04T03:04:12","guid":{"rendered":"https:\/\/grupotextil.es\/producto\/cargador-inalambrico-abs-reciclado-y-corcho-natural-stamina-yarbo-2987\/"},"modified":"2026-03-04T06:15:35","modified_gmt":"2026-03-04T05:15:35","slug":"cargador-inalambrico-abs-reciclado-y-corcho-natural-stamina-yarbo-2987","status":"publish","type":"product","link":"https:\/\/grupotextil.es\/en\/product\/cargador-inalambrico-abs-reciclado-y-corcho-natural-stamina-yarbo-2987\/","title":{"rendered":"Cargador Inal\u00e1mbrico ABS Reciclado y Corcho Natural Stamina Yarbo 2987"},"content":{"rendered":"<p>Cargador inal\u00e1mbrico con cuerpo combinado elaborado en ABS reciclado y corcho. Cuenta con un potencia de carga r\u00e1pida de 10W y con indicador luminoso de carga. Compatible con dispositivos provistos de tecnolog\u00eda de carga inal\u00e1mbrica.<\/p>","protected":false},"excerpt":{"rendered":"<p>Cargador inal\u00e1mbrico con cuerpo combinado elaborado en ABS reciclado y corcho. Cuenta con un potencia de carga r\u00e1pida de 10W y con indicador luminoso de carga. Compatible con dispositivos provistos de tecnolog\u00eda de carga inal\u00e1mbrica.<\/p>","protected":false},"featured_media":218402,"comment_status":"open","ping_status":"closed","template":"","meta":{"_acf_changed":false},"product_brand":[14012],"product_cat":[14006,13959],"product_tag":[],"class_list":{"0":"post-218401","1":"product","2":"type-product","3":"status-publish","4":"has-post-thumbnail","6":"product_brand-stamina","7":"product_cat-acc-merchandising","8":"product_cat-mr-tecnologia","9":"tm-no-options","11":"first","12":"instock","13":"taxable","14":"shipping-taxable","15":"product-type-variable"},"acf":[],"_links":{"self":[{"href":"https:\/\/grupotextil.es\/en\/wp-json\/wp\/v2\/product\/218401","targetHints":{"allow":["GET"]}}],"collection":[{"href":"https:\/\/grupotextil.es\/en\/wp-json\/wp\/v2\/product"}],"about":[{"href":"https:\/\/grupotextil.es\/en\/wp-json\/wp\/v2\/types\/product"}],"replies":[{"embeddable":true,"href":"https:\/\/grupotextil.es\/en\/wp-json\/wp\/v2\/comments?post=218401"}],"wp:featuredmedia":[{"embeddable":true,"href":"https:\/\/grupotextil.es\/en\/wp-json\/wp\/v2\/media\/218402"}],"wp:attachment":[{"href":"https:\/\/grupotextil.es\/en\/wp-json\/wp\/v2\/media?parent=218401"}],"wp:term":[{"taxonomy":"product_brand","embeddable":true,"href":"https:\/\/grupotextil.es\/en\/wp-json\/wp\/v2\/product_brand?post=218401"},{"taxonomy":"product_cat","embeddable":true,"href":"https:\/\/grupotextil.es\/en\/wp-json\/wp\/v2\/product_cat?post=218401"},{"taxonomy":"product_tag","embeddable":true,"href":"https:\/\/grupotextil.es\/en\/wp-json\/wp\/v2\/product_tag?post=218401"}],"curies":[{"name":"wp","href":"https:\/\/api.w.org\/{rel}","templated":true}]}}