{"id":218419,"date":"2026-03-04T04:04:40","date_gmt":"2026-03-04T03:04:40","guid":{"rendered":"https:\/\/grupotextil.es\/producto\/lampara-con-cargador-inalambrico-stamina-marsal-2990\/"},"modified":"2026-03-04T06:15:35","modified_gmt":"2026-03-04T05:15:35","slug":"lampara-con-cargador-inalambrico-stamina-marsal-2990","status":"publish","type":"product","link":"https:\/\/grupotextil.es\/en\/product\/lampara-con-cargador-inalambrico-stamina-marsal-2990\/","title":{"rendered":"L\u00e1mpara con Cargador Inal\u00e1mbrico Stamina Marsal 2990"},"content":{"rendered":"<p>L\u00e1mpara plegable con cuerpo elaborado en bamb\u00fa. Cuenta con superficie de carga inal\u00e1mbrica en su base, con una potencia de 10W. Con ajuste de intensidad de iluminaci\u00f3n mediante botones integrados en la base y temporizador de luz de 1 y 2 horas. Es plegable en ambos \u00e1ngulos (base y superficie de l\u00e1mpara). El cargador inal\u00e1mbrico es compatible con dispositivos provistos de tecnolog\u00eda de carga de este tipo. Con puerto USB de salida para recarga de dispositivos y cable de conexi\u00f3n a corriente Tipo C incluido.<\/p>","protected":false},"excerpt":{"rendered":"<p>L\u00e1mpara plegable con cuerpo elaborado en bamb\u00fa. Cuenta con superficie de carga inal\u00e1mbrica en su base, con una potencia de 10W. Con ajuste de intensidad de iluminaci\u00f3n mediante botones integrados en la base y temporizador de luz de 1 y 2 horas. Es plegable en ambos \u00e1ngulos (base y superficie de l\u00e1mpara). El cargador inal\u00e1mbrico es compatible con dispositivos provistos de tecnolog\u00eda de carga de este tipo. Con puerto USB de salida para recarga de dispositivos y cable de conexi\u00f3n a corriente Tipo C incluido.<\/p>","protected":false},"featured_media":218420,"comment_status":"open","ping_status":"closed","template":"","meta":{"_acf_changed":false},"product_brand":[14012],"product_cat":[14006,13959],"product_tag":[],"class_list":{"0":"post-218419","1":"product","2":"type-product","3":"status-publish","4":"has-post-thumbnail","6":"product_brand-stamina","7":"product_cat-acc-merchandising","8":"product_cat-mr-tecnologia","9":"tm-no-options","11":"first","12":"instock","13":"taxable","14":"shipping-taxable","15":"product-type-variable"},"acf":[],"_links":{"self":[{"href":"https:\/\/grupotextil.es\/en\/wp-json\/wp\/v2\/product\/218419","targetHints":{"allow":["GET"]}}],"collection":[{"href":"https:\/\/grupotextil.es\/en\/wp-json\/wp\/v2\/product"}],"about":[{"href":"https:\/\/grupotextil.es\/en\/wp-json\/wp\/v2\/types\/product"}],"replies":[{"embeddable":true,"href":"https:\/\/grupotextil.es\/en\/wp-json\/wp\/v2\/comments?post=218419"}],"wp:featuredmedia":[{"embeddable":true,"href":"https:\/\/grupotextil.es\/en\/wp-json\/wp\/v2\/media\/218420"}],"wp:attachment":[{"href":"https:\/\/grupotextil.es\/en\/wp-json\/wp\/v2\/media?parent=218419"}],"wp:term":[{"taxonomy":"product_brand","embeddable":true,"href":"https:\/\/grupotextil.es\/en\/wp-json\/wp\/v2\/product_brand?post=218419"},{"taxonomy":"product_cat","embeddable":true,"href":"https:\/\/grupotextil.es\/en\/wp-json\/wp\/v2\/product_cat?post=218419"},{"taxonomy":"product_tag","embeddable":true,"href":"https:\/\/grupotextil.es\/en\/wp-json\/wp\/v2\/product_tag?post=218419"}],"curies":[{"name":"wp","href":"https:\/\/api.w.org\/{rel}","templated":true}]}}