{"id":218425,"date":"2026-03-04T04:04:47","date_gmt":"2026-03-04T03:04:47","guid":{"rendered":"https:\/\/grupotextil.es\/producto\/cargador-inalambrico-con-marco-para-fotos-stamina-vulco-2992\/"},"modified":"2026-03-04T06:15:35","modified_gmt":"2026-03-04T05:15:35","slug":"cargador-inalambrico-con-marco-para-fotos-stamina-vulco-2992","status":"publish","type":"product","link":"https:\/\/grupotextil.es\/en\/product\/cargador-inalambrico-con-marco-para-fotos-stamina-vulco-2992\/","title":{"rendered":"Cargador Inal\u00e1mbrico con Marco para Fotos Stamina Vulco 2992"},"content":{"rendered":"<p>Cargador inal\u00e1mbrico con marco para fotos. Realizado en bamb\u00fa. Marco dise\u00f1ado para fotos de m\u00e1ximo 10x15cm. Cuenta con indicador luminoso de carga. Cargador compatible con dispositivos con tecnolog\u00eda de carga inal\u00e1mbrica, con 10W de potencia.<\/p>","protected":false},"excerpt":{"rendered":"<p>Cargador inal\u00e1mbrico con marco para fotos. Realizado en bamb\u00fa. Marco dise\u00f1ado para fotos de m\u00e1ximo 10x15cm. Cuenta con indicador luminoso de carga. Cargador compatible con dispositivos con tecnolog\u00eda de carga inal\u00e1mbrica, con 10W de potencia.<\/p>","protected":false},"featured_media":218426,"comment_status":"open","ping_status":"closed","template":"","meta":{"_acf_changed":false},"product_brand":[14012],"product_cat":[14006,13959],"product_tag":[],"class_list":{"0":"post-218425","1":"product","2":"type-product","3":"status-publish","4":"has-post-thumbnail","6":"product_brand-stamina","7":"product_cat-acc-merchandising","8":"product_cat-mr-tecnologia","9":"tm-no-options","11":"first","12":"instock","13":"taxable","14":"shipping-taxable","15":"product-type-variable"},"acf":[],"_links":{"self":[{"href":"https:\/\/grupotextil.es\/en\/wp-json\/wp\/v2\/product\/218425","targetHints":{"allow":["GET"]}}],"collection":[{"href":"https:\/\/grupotextil.es\/en\/wp-json\/wp\/v2\/product"}],"about":[{"href":"https:\/\/grupotextil.es\/en\/wp-json\/wp\/v2\/types\/product"}],"replies":[{"embeddable":true,"href":"https:\/\/grupotextil.es\/en\/wp-json\/wp\/v2\/comments?post=218425"}],"wp:featuredmedia":[{"embeddable":true,"href":"https:\/\/grupotextil.es\/en\/wp-json\/wp\/v2\/media\/218426"}],"wp:attachment":[{"href":"https:\/\/grupotextil.es\/en\/wp-json\/wp\/v2\/media?parent=218425"}],"wp:term":[{"taxonomy":"product_brand","embeddable":true,"href":"https:\/\/grupotextil.es\/en\/wp-json\/wp\/v2\/product_brand?post=218425"},{"taxonomy":"product_cat","embeddable":true,"href":"https:\/\/grupotextil.es\/en\/wp-json\/wp\/v2\/product_cat?post=218425"},{"taxonomy":"product_tag","embeddable":true,"href":"https:\/\/grupotextil.es\/en\/wp-json\/wp\/v2\/product_tag?post=218425"}],"curies":[{"name":"wp","href":"https:\/\/api.w.org\/{rel}","templated":true}]}}