{"id":218448,"date":"2026-03-04T04:05:14","date_gmt":"2026-03-04T03:05:14","guid":{"rendered":"https:\/\/grupotextil.es\/producto\/bloc-de-notas-adhesivas-stamina-anfi-8057\/"},"modified":"2026-03-04T06:15:35","modified_gmt":"2026-03-04T05:15:35","slug":"bloc-de-notas-adhesivas-stamina-anfi-8057","status":"publish","type":"product","link":"https:\/\/grupotextil.es\/en\/product\/bloc-de-notas-adhesivas-stamina-anfi-8057\/","title":{"rendered":"Bloc de Notas Adhesivas Stamina Anfi 8057"},"content":{"rendered":"<p>Bloc de notas adhesivas con anillas y original dise\u00f1o en forma de bocadillo. Tapas de cart\u00f3n reciclado r\u00edgido. Incluye notas adhesivas en colores variados de dos tama\u00f1os: 100 grandes y 125 peque\u00f1as.<\/p>","protected":false},"excerpt":{"rendered":"<p>Bloc de notas adhesivas con anillas y original dise\u00f1o en forma de bocadillo. Tapas de cart\u00f3n reciclado r\u00edgido. Incluye notas adhesivas en colores variados de dos tama\u00f1os: 100 grandes y 125 peque\u00f1as.<\/p>","protected":false},"featured_media":218449,"comment_status":"open","ping_status":"closed","template":"","meta":{"_acf_changed":false},"product_brand":[14012],"product_cat":[14006,13972],"product_tag":[],"class_list":{"0":"post-218448","1":"product","2":"type-product","3":"status-publish","4":"has-post-thumbnail","6":"product_brand-stamina","7":"product_cat-acc-merchandising","8":"product_cat-oficina-y-escritura","9":"tm-no-options","11":"first","12":"instock","13":"taxable","14":"shipping-taxable","15":"product-type-variable"},"acf":[],"_links":{"self":[{"href":"https:\/\/grupotextil.es\/en\/wp-json\/wp\/v2\/product\/218448","targetHints":{"allow":["GET"]}}],"collection":[{"href":"https:\/\/grupotextil.es\/en\/wp-json\/wp\/v2\/product"}],"about":[{"href":"https:\/\/grupotextil.es\/en\/wp-json\/wp\/v2\/types\/product"}],"replies":[{"embeddable":true,"href":"https:\/\/grupotextil.es\/en\/wp-json\/wp\/v2\/comments?post=218448"}],"wp:featuredmedia":[{"embeddable":true,"href":"https:\/\/grupotextil.es\/en\/wp-json\/wp\/v2\/media\/218449"}],"wp:attachment":[{"href":"https:\/\/grupotextil.es\/en\/wp-json\/wp\/v2\/media?parent=218448"}],"wp:term":[{"taxonomy":"product_brand","embeddable":true,"href":"https:\/\/grupotextil.es\/en\/wp-json\/wp\/v2\/product_brand?post=218448"},{"taxonomy":"product_cat","embeddable":true,"href":"https:\/\/grupotextil.es\/en\/wp-json\/wp\/v2\/product_cat?post=218448"},{"taxonomy":"product_tag","embeddable":true,"href":"https:\/\/grupotextil.es\/en\/wp-json\/wp\/v2\/product_tag?post=218448"}],"curies":[{"name":"wp","href":"https:\/\/api.w.org\/{rel}","templated":true}]}}