{"id":218453,"date":"2026-03-04T04:05:20","date_gmt":"2026-03-04T03:05:20","guid":{"rendered":"https:\/\/grupotextil.es\/producto\/lapiz-de-grafito-con-escritura-infinita-stamina-bakan-7998\/"},"modified":"2026-03-04T06:15:36","modified_gmt":"2026-03-04T05:15:36","slug":"lapiz-de-grafito-con-escritura-infinita-stamina-bakan-7998","status":"publish","type":"product","link":"https:\/\/grupotextil.es\/en\/product\/lapiz-de-grafito-con-escritura-infinita-stamina-bakan-7998\/","title":{"rendered":"L\u00e1piz de Grafito con Escritura Infinita Stamina Bakan 7998"},"content":{"rendered":"<p>Fant\u00e1stico l\u00e1piz infinito con cuerpo de bamb\u00fa. Punta de grafito de escritura infinita reemplazable con capucha transparente.<\/p>","protected":false},"excerpt":{"rendered":"<p>Fant\u00e1stico l\u00e1piz infinito con cuerpo de bamb\u00fa. Punta de grafito de escritura infinita reemplazable con capucha transparente.<\/p>","protected":false},"featured_media":218454,"comment_status":"open","ping_status":"closed","template":"","meta":{"_acf_changed":false},"product_brand":[14012],"product_cat":[14006,13972],"product_tag":[],"class_list":{"0":"post-218453","1":"product","2":"type-product","3":"status-publish","4":"has-post-thumbnail","6":"product_brand-stamina","7":"product_cat-acc-merchandising","8":"product_cat-oficina-y-escritura","9":"tm-no-options","11":"first","12":"instock","13":"taxable","14":"shipping-taxable","15":"product-type-variable"},"acf":[],"_links":{"self":[{"href":"https:\/\/grupotextil.es\/en\/wp-json\/wp\/v2\/product\/218453","targetHints":{"allow":["GET"]}}],"collection":[{"href":"https:\/\/grupotextil.es\/en\/wp-json\/wp\/v2\/product"}],"about":[{"href":"https:\/\/grupotextil.es\/en\/wp-json\/wp\/v2\/types\/product"}],"replies":[{"embeddable":true,"href":"https:\/\/grupotextil.es\/en\/wp-json\/wp\/v2\/comments?post=218453"}],"wp:featuredmedia":[{"embeddable":true,"href":"https:\/\/grupotextil.es\/en\/wp-json\/wp\/v2\/media\/218454"}],"wp:attachment":[{"href":"https:\/\/grupotextil.es\/en\/wp-json\/wp\/v2\/media?parent=218453"}],"wp:term":[{"taxonomy":"product_brand","embeddable":true,"href":"https:\/\/grupotextil.es\/en\/wp-json\/wp\/v2\/product_brand?post=218453"},{"taxonomy":"product_cat","embeddable":true,"href":"https:\/\/grupotextil.es\/en\/wp-json\/wp\/v2\/product_cat?post=218453"},{"taxonomy":"product_tag","embeddable":true,"href":"https:\/\/grupotextil.es\/en\/wp-json\/wp\/v2\/product_tag?post=218453"}],"curies":[{"name":"wp","href":"https:\/\/api.w.org\/{rel}","templated":true}]}}