{"id":218470,"date":"2026-03-04T04:05:37","date_gmt":"2026-03-04T03:05:37","guid":{"rendered":"https:\/\/grupotextil.es\/producto\/alfombrilla-para-raton-con-cargador-inalambrico-stamina-demar-3038\/"},"modified":"2026-03-04T06:15:36","modified_gmt":"2026-03-04T05:15:36","slug":"alfombrilla-para-raton-con-cargador-inalambrico-stamina-demar-3038","status":"publish","type":"product","link":"https:\/\/grupotextil.es\/en\/product\/alfombrilla-para-raton-con-cargador-inalambrico-stamina-demar-3038\/","title":{"rendered":"Alfombrilla para Rat\u00f3n con Cargador Inal\u00e1mbrico Stamina Demar 3038"},"content":{"rendered":"<p>Alfombrilla para escritorio elaborada en RPET con cargador inal\u00e1mbrico (10W) para dispositivos. Incluye soportes para tel\u00e9fono y bol\u00edgrafo. Cuenta con indicador luminoso de carga.<\/p>","protected":false},"excerpt":{"rendered":"<p>Alfombrilla para escritorio elaborada en RPET con cargador inal\u00e1mbrico (10W) para dispositivos. Incluye soportes para tel\u00e9fono y bol\u00edgrafo. Cuenta con indicador luminoso de carga.<\/p>","protected":false},"featured_media":218471,"comment_status":"open","ping_status":"closed","template":"","meta":{"_acf_changed":false},"product_brand":[14012],"product_cat":[13948,14008,9841],"product_tag":[],"class_list":{"0":"post-218470","1":"product","2":"type-product","3":"status-publish","4":"has-post-thumbnail","6":"product_brand-stamina","7":"product_cat-accesorios","8":"product_cat-accesorios-reciclados","9":"product_cat-sostenible","10":"tm-no-options","12":"first","13":"instock","14":"taxable","15":"shipping-taxable","16":"product-type-variable"},"acf":[],"_links":{"self":[{"href":"https:\/\/grupotextil.es\/en\/wp-json\/wp\/v2\/product\/218470","targetHints":{"allow":["GET"]}}],"collection":[{"href":"https:\/\/grupotextil.es\/en\/wp-json\/wp\/v2\/product"}],"about":[{"href":"https:\/\/grupotextil.es\/en\/wp-json\/wp\/v2\/types\/product"}],"replies":[{"embeddable":true,"href":"https:\/\/grupotextil.es\/en\/wp-json\/wp\/v2\/comments?post=218470"}],"wp:featuredmedia":[{"embeddable":true,"href":"https:\/\/grupotextil.es\/en\/wp-json\/wp\/v2\/media\/218471"}],"wp:attachment":[{"href":"https:\/\/grupotextil.es\/en\/wp-json\/wp\/v2\/media?parent=218470"}],"wp:term":[{"taxonomy":"product_brand","embeddable":true,"href":"https:\/\/grupotextil.es\/en\/wp-json\/wp\/v2\/product_brand?post=218470"},{"taxonomy":"product_cat","embeddable":true,"href":"https:\/\/grupotextil.es\/en\/wp-json\/wp\/v2\/product_cat?post=218470"},{"taxonomy":"product_tag","embeddable":true,"href":"https:\/\/grupotextil.es\/en\/wp-json\/wp\/v2\/product_tag?post=218470"}],"curies":[{"name":"wp","href":"https:\/\/api.w.org\/{rel}","templated":true}]}}