{"id":218495,"date":"2026-03-04T04:06:08","date_gmt":"2026-03-04T03:06:08","guid":{"rendered":"https:\/\/grupotextil.es\/producto\/bidon-stamina-beluga-4145\/"},"modified":"2026-03-04T06:15:36","modified_gmt":"2026-03-04T05:15:36","slug":"bidon-stamina-beluga-4145","status":"publish","type":"product","link":"https:\/\/grupotextil.es\/en\/product\/bidon-stamina-beluga-4145\/","title":{"rendered":"Bid\u00f3n Stamina Beluga 4145"},"content":{"rendered":"<p>Bid\u00f3n de acero inoxidable 304 con doble pared. Capacidad de 850 ml. Con tap\u00f3n a rosca con relieve, tambi\u00e9n en acero inoxidable. Realiza tus dise\u00f1os en este bid\u00f3n con acabado brillante.<\/p>","protected":false},"excerpt":{"rendered":"<p>Bid\u00f3n de acero inoxidable 304 con doble pared. Capacidad de 850 ml. Con tap\u00f3n a rosca con relieve, tambi\u00e9n en acero inoxidable. Realiza tus dise\u00f1os en este bid\u00f3n con acabado brillante.<\/p>","protected":false},"featured_media":218496,"comment_status":"open","ping_status":"closed","template":"","meta":{"_acf_changed":false},"product_brand":[14012],"product_cat":[13958,14006,13971],"product_tag":[],"class_list":{"0":"post-218495","1":"product","2":"type-product","3":"status-publish","4":"has-post-thumbnail","6":"product_brand-stamina","7":"product_cat-mr-botellas-y-termos","8":"product_cat-acc-merchandising","9":"product_cat-mr-tazas","10":"tm-no-options","12":"first","13":"instock","14":"taxable","15":"shipping-taxable","16":"product-type-variable"},"acf":[],"_links":{"self":[{"href":"https:\/\/grupotextil.es\/en\/wp-json\/wp\/v2\/product\/218495","targetHints":{"allow":["GET"]}}],"collection":[{"href":"https:\/\/grupotextil.es\/en\/wp-json\/wp\/v2\/product"}],"about":[{"href":"https:\/\/grupotextil.es\/en\/wp-json\/wp\/v2\/types\/product"}],"replies":[{"embeddable":true,"href":"https:\/\/grupotextil.es\/en\/wp-json\/wp\/v2\/comments?post=218495"}],"wp:featuredmedia":[{"embeddable":true,"href":"https:\/\/grupotextil.es\/en\/wp-json\/wp\/v2\/media\/218496"}],"wp:attachment":[{"href":"https:\/\/grupotextil.es\/en\/wp-json\/wp\/v2\/media?parent=218495"}],"wp:term":[{"taxonomy":"product_brand","embeddable":true,"href":"https:\/\/grupotextil.es\/en\/wp-json\/wp\/v2\/product_brand?post=218495"},{"taxonomy":"product_cat","embeddable":true,"href":"https:\/\/grupotextil.es\/en\/wp-json\/wp\/v2\/product_cat?post=218495"},{"taxonomy":"product_tag","embeddable":true,"href":"https:\/\/grupotextil.es\/en\/wp-json\/wp\/v2\/product_tag?post=218495"}],"curies":[{"name":"wp","href":"https:\/\/api.w.org\/{rel}","templated":true}]}}