{"id":218509,"date":"2026-03-04T04:06:21","date_gmt":"2026-03-04T03:06:21","guid":{"rendered":"https:\/\/grupotextil.es\/producto\/bidon-stamina-tiset-4201\/"},"modified":"2026-03-04T06:15:36","modified_gmt":"2026-03-04T05:15:36","slug":"bidon-stamina-tiset-4201","status":"publish","type":"product","link":"https:\/\/grupotextil.es\/en\/product\/bidon-stamina-tiset-4201\/","title":{"rendered":"Bid\u00f3n Stamina Tiset 4201"},"content":{"rendered":"<p>Bid\u00f3n de acero inoxidable 304 doble pared con tapa de bamb\u00fa. Capacidad 500 ml. Posibilidad de realizar sublimaci\u00f3n sobre el color blanco. Asa met\u00e1lica plegable. Disponible en una gran variedad de colores. Color blanco apto para sublimaci\u00f3n.<\/p>","protected":false},"excerpt":{"rendered":"<p>Bid\u00f3n de acero inoxidable 304 doble pared con tapa de bamb\u00fa. Capacidad 500 ml. Posibilidad de realizar sublimaci\u00f3n sobre el color blanco. Asa met\u00e1lica plegable. Disponible en una gran variedad de colores. Color blanco apto para sublimaci\u00f3n.<\/p>","protected":false},"featured_media":218510,"comment_status":"open","ping_status":"closed","template":"","meta":{"_acf_changed":false},"product_brand":[14012],"product_cat":[13958,14006,13971],"product_tag":[],"class_list":{"0":"post-218509","1":"product","2":"type-product","3":"status-publish","4":"has-post-thumbnail","6":"product_brand-stamina","7":"product_cat-mr-botellas-y-termos","8":"product_cat-acc-merchandising","9":"product_cat-mr-tazas","10":"tm-no-options","12":"first","13":"instock","14":"taxable","15":"shipping-taxable","16":"product-type-variable"},"acf":[],"_links":{"self":[{"href":"https:\/\/grupotextil.es\/en\/wp-json\/wp\/v2\/product\/218509","targetHints":{"allow":["GET"]}}],"collection":[{"href":"https:\/\/grupotextil.es\/en\/wp-json\/wp\/v2\/product"}],"about":[{"href":"https:\/\/grupotextil.es\/en\/wp-json\/wp\/v2\/types\/product"}],"replies":[{"embeddable":true,"href":"https:\/\/grupotextil.es\/en\/wp-json\/wp\/v2\/comments?post=218509"}],"wp:featuredmedia":[{"embeddable":true,"href":"https:\/\/grupotextil.es\/en\/wp-json\/wp\/v2\/media\/218510"}],"wp:attachment":[{"href":"https:\/\/grupotextil.es\/en\/wp-json\/wp\/v2\/media?parent=218509"}],"wp:term":[{"taxonomy":"product_brand","embeddable":true,"href":"https:\/\/grupotextil.es\/en\/wp-json\/wp\/v2\/product_brand?post=218509"},{"taxonomy":"product_cat","embeddable":true,"href":"https:\/\/grupotextil.es\/en\/wp-json\/wp\/v2\/product_cat?post=218509"},{"taxonomy":"product_tag","embeddable":true,"href":"https:\/\/grupotextil.es\/en\/wp-json\/wp\/v2\/product_tag?post=218509"}],"curies":[{"name":"wp","href":"https:\/\/api.w.org\/{rel}","templated":true}]}}