{"id":218598,"date":"2026-03-04T04:07:55","date_gmt":"2026-03-04T03:07:55","guid":{"rendered":"https:\/\/grupotextil.es\/producto\/pantalon-unisex-stanley-stella-mover-vintage-stbu576\/"},"modified":"2026-03-10T01:58:19","modified_gmt":"2026-03-10T00:58:19","slug":"pantalon-unisex-stanley-stella-mover-vintage-stbu576","status":"publish","type":"product","link":"https:\/\/grupotextil.es\/en\/product\/pantalon-unisex-stanley-stella-mover-vintage-stbu576\/","title":{"rendered":"Pantal\u00f3n Unisex Stanley\/Stella Mover Vintage STBU576"},"content":{"rendered":"<p>Cinturilla en canal\u00e9 1\u00d71 Cord\u00f3n redondo, en el mismo tono, rematado con extremos de acabado met\u00e1lico Ojales met\u00e1licos Forro interior de bolsillo en punto de jersey Bolsillo de parche trasero Bajo de pernera en canal\u00e9 1\u00d71 Puntada doble en cintura, abertura de bolsillo, laterales y bajos Ligero sombreado en las costuras para conferir un aspecto desgastado. Colores envejecidos con efecto lavado irregular en la superficie del tejido. Prenda te\u00f1ida, la apariencia de cada prenda puede variar, puede deste\u00f1ir, siga la etiqueta de cuidado Lea detenidamente las recomendaciones de impresi\u00f3n<\/p>","protected":false},"excerpt":{"rendered":"<p>Cinturilla en canal\u00e9 1\u00d71 Cord\u00f3n redondo, en el mismo tono, rematado con extremos de acabado met\u00e1lico Ojales met\u00e1licos Forro interior de bolsillo en punto de jersey Bolsillo de parche trasero Bajo de pernera en canal\u00e9 1\u00d71 Puntada doble en cintura, abertura de bolsillo, laterales y bajos Ligero sombreado en las costuras para conferir un aspecto desgastado. Colores envejecidos con efecto lavado irregular en la superficie del tejido. Prenda te\u00f1ida, la apariencia de cada prenda puede variar, puede deste\u00f1ir, siga la etiqueta de cuidado Lea detenidamente las recomendaciones de impresi\u00f3n<\/p>","protected":false},"featured_media":218599,"comment_status":"open","ping_status":"closed","template":"","meta":{"_acf_changed":false},"product_brand":[14178],"product_cat":[13939,13974,13983,13973],"product_tag":[],"class_list":{"0":"post-218598","1":"product","2":"type-product","3":"status-publish","4":"has-post-thumbnail","6":"product_brand-stanley-stella","7":"product_cat-deportivo","8":"product_cat-ropa-hombre","9":"product_cat-h-pantalones","10":"product_cat-ropa","11":"tm-no-options","13":"first","14":"instock","15":"taxable","16":"shipping-taxable","17":"product-type-variable"},"acf":[],"_links":{"self":[{"href":"https:\/\/grupotextil.es\/en\/wp-json\/wp\/v2\/product\/218598","targetHints":{"allow":["GET"]}}],"collection":[{"href":"https:\/\/grupotextil.es\/en\/wp-json\/wp\/v2\/product"}],"about":[{"href":"https:\/\/grupotextil.es\/en\/wp-json\/wp\/v2\/types\/product"}],"replies":[{"embeddable":true,"href":"https:\/\/grupotextil.es\/en\/wp-json\/wp\/v2\/comments?post=218598"}],"wp:featuredmedia":[{"embeddable":true,"href":"https:\/\/grupotextil.es\/en\/wp-json\/wp\/v2\/media\/218599"}],"wp:attachment":[{"href":"https:\/\/grupotextil.es\/en\/wp-json\/wp\/v2\/media?parent=218598"}],"wp:term":[{"taxonomy":"product_brand","embeddable":true,"href":"https:\/\/grupotextil.es\/en\/wp-json\/wp\/v2\/product_brand?post=218598"},{"taxonomy":"product_cat","embeddable":true,"href":"https:\/\/grupotextil.es\/en\/wp-json\/wp\/v2\/product_cat?post=218598"},{"taxonomy":"product_tag","embeddable":true,"href":"https:\/\/grupotextil.es\/en\/wp-json\/wp\/v2\/product_tag?post=218598"}],"curies":[{"name":"wp","href":"https:\/\/api.w.org\/{rel}","templated":true}]}}