{"id":218632,"date":"2026-03-04T04:08:20","date_gmt":"2026-03-04T03:08:20","guid":{"rendered":"https:\/\/grupotextil.es\/producto\/sudadera-stanley-stella-archer-stsu011\/"},"modified":"2026-03-10T01:58:56","modified_gmt":"2026-03-10T00:58:56","slug":"sudadera-stanley-stella-archer-stsu011","status":"publish","type":"product","link":"https:\/\/grupotextil.es\/en\/product\/sudadera-stanley-stella-archer-stsu011\/","title":{"rendered":"Sudadera Stanley\/Stella Archer STSU011"},"content":{"rendered":"<p>Manga pegada Capucha de doble capa en tejido principal Cordones redondos a juego con el color del tejido principal y punta met\u00e1lica cerrada Ojales met\u00e1licos Bies interior de espiga en el cuello Media luna interior en tejido principal Canal\u00e9 1\u00d71 en cuello, pu\u00f1os y bajo Puntada doble en sisa, pu\u00f1os y bajo Bolsillo canguro en la parte frontal<\/p>","protected":false},"excerpt":{"rendered":"<p>Manga pegada Capucha de doble capa en tejido principal Cordones redondos a juego con el color del tejido principal y punta met\u00e1lica cerrada Ojales met\u00e1licos Bies interior de espiga en el cuello Media luna interior en tejido principal Canal\u00e9 1\u00d71 en cuello, pu\u00f1os y bajo Puntada doble en sisa, pu\u00f1os y bajo Bolsillo canguro en la parte frontal<\/p>","protected":false},"featured_media":218633,"comment_status":"open","ping_status":"closed","template":"","meta":{"_acf_changed":false},"product_brand":[14178],"product_cat":[13975,13973,13989],"product_tag":[],"class_list":{"0":"post-218632","1":"product","2":"type-product","3":"status-publish","4":"has-post-thumbnail","6":"product_brand-stanley-stella","7":"product_cat-ropa-mujer","8":"product_cat-ropa","9":"product_cat-m-sudaderas","10":"tm-no-options","12":"first","13":"instock","14":"taxable","15":"shipping-taxable","16":"product-type-variable"},"acf":[],"_links":{"self":[{"href":"https:\/\/grupotextil.es\/en\/wp-json\/wp\/v2\/product\/218632","targetHints":{"allow":["GET"]}}],"collection":[{"href":"https:\/\/grupotextil.es\/en\/wp-json\/wp\/v2\/product"}],"about":[{"href":"https:\/\/grupotextil.es\/en\/wp-json\/wp\/v2\/types\/product"}],"replies":[{"embeddable":true,"href":"https:\/\/grupotextil.es\/en\/wp-json\/wp\/v2\/comments?post=218632"}],"wp:featuredmedia":[{"embeddable":true,"href":"https:\/\/grupotextil.es\/en\/wp-json\/wp\/v2\/media\/218633"}],"wp:attachment":[{"href":"https:\/\/grupotextil.es\/en\/wp-json\/wp\/v2\/media?parent=218632"}],"wp:term":[{"taxonomy":"product_brand","embeddable":true,"href":"https:\/\/grupotextil.es\/en\/wp-json\/wp\/v2\/product_brand?post=218632"},{"taxonomy":"product_cat","embeddable":true,"href":"https:\/\/grupotextil.es\/en\/wp-json\/wp\/v2\/product_cat?post=218632"},{"taxonomy":"product_tag","embeddable":true,"href":"https:\/\/grupotextil.es\/en\/wp-json\/wp\/v2\/product_tag?post=218632"}],"curies":[{"name":"wp","href":"https:\/\/api.w.org\/{rel}","templated":true}]}}