{"id":218744,"date":"2026-03-04T04:09:09","date_gmt":"2026-03-04T03:09:09","guid":{"rendered":"https:\/\/grupotextil.es\/producto\/sudadera-unisex-stanley-stella-matcher-stsu799\/"},"modified":"2026-03-10T01:58:56","modified_gmt":"2026-03-10T00:58:56","slug":"sudadera-unisex-stanley-stella-matcher-stsu799","status":"publish","type":"product","link":"https:\/\/grupotextil.es\/en\/product\/sudadera-unisex-stanley-stella-matcher-stsu799\/","title":{"rendered":"Sudadera Unisex Stanley\/Stella Matcher STSU799"},"content":{"rendered":"<p>Sudadera cuello redondo unisex de French Terry. Manga montada. Canal\u00e9 1\u00d71 en cuello, pu\u00f1os y bajo. Pespunte de una aguja en el cuello y pespunte de doble aguja en sisas, pu\u00f1os y bajo. Cinta de refuerzo interior en el cuello con dibujo de espiga. Media luna del mismo tejido en la parte trasera del cuello. Acabados cuidados para mayor durabilidad y confort.<\/p>","protected":false},"excerpt":{"rendered":"<p>Sudadera cuello redondo unisex de French Terry. Manga montada. Canal\u00e9 1\u00d71 en cuello, pu\u00f1os y bajo. Pespunte de una aguja en el cuello y pespunte de doble aguja en sisas, pu\u00f1os y bajo. Cinta de refuerzo interior en el cuello con dibujo de espiga. Media luna del mismo tejido en la parte trasera del cuello. Acabados cuidados para mayor durabilidad y confort.<\/p>","protected":false},"featured_media":218745,"comment_status":"open","ping_status":"closed","template":"","meta":{"_acf_changed":false},"product_brand":[14178],"product_cat":[13975,13973,13989],"product_tag":[],"class_list":{"0":"post-218744","1":"product","2":"type-product","3":"status-publish","4":"has-post-thumbnail","6":"product_brand-stanley-stella","7":"product_cat-ropa-mujer","8":"product_cat-ropa","9":"product_cat-m-sudaderas","10":"tm-no-options","12":"first","13":"instock","14":"taxable","15":"shipping-taxable","16":"product-type-variable"},"acf":[],"_links":{"self":[{"href":"https:\/\/grupotextil.es\/en\/wp-json\/wp\/v2\/product\/218744","targetHints":{"allow":["GET"]}}],"collection":[{"href":"https:\/\/grupotextil.es\/en\/wp-json\/wp\/v2\/product"}],"about":[{"href":"https:\/\/grupotextil.es\/en\/wp-json\/wp\/v2\/types\/product"}],"replies":[{"embeddable":true,"href":"https:\/\/grupotextil.es\/en\/wp-json\/wp\/v2\/comments?post=218744"}],"wp:featuredmedia":[{"embeddable":true,"href":"https:\/\/grupotextil.es\/en\/wp-json\/wp\/v2\/media\/218745"}],"wp:attachment":[{"href":"https:\/\/grupotextil.es\/en\/wp-json\/wp\/v2\/media?parent=218744"}],"wp:term":[{"taxonomy":"product_brand","embeddable":true,"href":"https:\/\/grupotextil.es\/en\/wp-json\/wp\/v2\/product_brand?post=218744"},{"taxonomy":"product_cat","embeddable":true,"href":"https:\/\/grupotextil.es\/en\/wp-json\/wp\/v2\/product_cat?post=218744"},{"taxonomy":"product_tag","embeddable":true,"href":"https:\/\/grupotextil.es\/en\/wp-json\/wp\/v2\/product_tag?post=218744"}],"curies":[{"name":"wp","href":"https:\/\/api.w.org\/{rel}","templated":true}]}}