{"id":218965,"date":"2026-03-04T04:11:45","date_gmt":"2026-03-04T03:11:45","guid":{"rendered":"https:\/\/grupotextil.es\/producto\/body-stanley-stella-baby-body-stub103\/"},"modified":"2026-03-04T06:15:38","modified_gmt":"2026-03-04T05:15:38","slug":"body-stanley-stella-baby-body-stub103","status":"publish","type":"product","link":"https:\/\/grupotextil.es\/en\/product\/body-stanley-stella-baby-body-stub103\/","title":{"rendered":"Body Stanley\/Stella Baby Body STUB103"},"content":{"rendered":"<p>Body de beb\u00e9 de manga corta. Manga montada. Ribete en canal\u00e9 1\u00d71 en cuello y aberturas de las piernas. Tapeta con botones a presi\u00f3n en el hombro. Cierre con botones a presi\u00f3n en la parte inferior. Acabados cuidados para mayor comodidad y suavidad.<\/p>","protected":false},"excerpt":{"rendered":"<p>Body de beb\u00e9 de manga corta. Manga montada. Ribete en canal\u00e9 1\u00d71 en cuello y aberturas de las piernas. Tapeta con botones a presi\u00f3n en el hombro. Cierre con botones a presi\u00f3n en la parte inferior. Acabados cuidados para mayor comodidad y suavidad.<\/p>","protected":false},"featured_media":218966,"comment_status":"open","ping_status":"closed","template":"","meta":{"_acf_changed":false},"product_brand":[14178],"product_cat":[10160,14000,13976,13973,9841],"product_tag":[],"class_list":{"0":"post-218965","1":"product","2":"type-product","3":"status-publish","4":"has-post-thumbnail","6":"product_brand-stanley-stella","7":"product_cat-ropa-bebe","8":"product_cat-b-bodies-y-conjuntos","9":"product_cat-ropa-nino","10":"product_cat-ropa","11":"product_cat-sostenible","12":"tm-no-options","14":"first","15":"instock","16":"taxable","17":"shipping-taxable","18":"product-type-variable"},"acf":[],"_links":{"self":[{"href":"https:\/\/grupotextil.es\/en\/wp-json\/wp\/v2\/product\/218965","targetHints":{"allow":["GET"]}}],"collection":[{"href":"https:\/\/grupotextil.es\/en\/wp-json\/wp\/v2\/product"}],"about":[{"href":"https:\/\/grupotextil.es\/en\/wp-json\/wp\/v2\/types\/product"}],"replies":[{"embeddable":true,"href":"https:\/\/grupotextil.es\/en\/wp-json\/wp\/v2\/comments?post=218965"}],"wp:featuredmedia":[{"embeddable":true,"href":"https:\/\/grupotextil.es\/en\/wp-json\/wp\/v2\/media\/218966"}],"wp:attachment":[{"href":"https:\/\/grupotextil.es\/en\/wp-json\/wp\/v2\/media?parent=218965"}],"wp:term":[{"taxonomy":"product_brand","embeddable":true,"href":"https:\/\/grupotextil.es\/en\/wp-json\/wp\/v2\/product_brand?post=218965"},{"taxonomy":"product_cat","embeddable":true,"href":"https:\/\/grupotextil.es\/en\/wp-json\/wp\/v2\/product_cat?post=218965"},{"taxonomy":"product_tag","embeddable":true,"href":"https:\/\/grupotextil.es\/en\/wp-json\/wp\/v2\/product_tag?post=218965"}],"curies":[{"name":"wp","href":"https:\/\/api.w.org\/{rel}","templated":true}]}}