{"id":219041,"date":"2026-03-04T04:12:12","date_gmt":"2026-03-04T03:12:12","guid":{"rendered":"https:\/\/grupotextil.es\/producto\/sudadera-stanley-stella-baby-connector-stsb105\/"},"modified":"2026-03-04T23:53:26","modified_gmt":"2026-03-04T22:53:26","slug":"sudadera-stanley-stella-baby-connector-stsb105","status":"publish","type":"product","link":"https:\/\/grupotextil.es\/en\/product\/sudadera-stanley-stella-baby-connector-stsb105\/","title":{"rendered":"Sudadera Stanley\/Stella Baby Connector STSB105"},"content":{"rendered":"<p>Manga pegada Capucha forrada con punto de jersey Cinta en punto de jersey en el interior del cuello y de la cremallera Cremallera invertida en nailon en la zona central delantera Cremallera superior con protecci\u00f3n y acabado completo de solapa en el centro de la parte delantera Media luna interior en tejido principal Canal\u00e9 1\u00d71 en pu\u00f1os y bajo<\/p>","protected":false},"excerpt":{"rendered":"<p>Manga pegada Capucha forrada con punto de jersey Cinta en punto de jersey en el interior del cuello y de la cremallera Cremallera invertida en nailon en la zona central delantera Cremallera superior con protecci\u00f3n y acabado completo de solapa en el centro de la parte delantera Media luna interior en tejido principal Canal\u00e9 1\u00d71 en pu\u00f1os y bajo<\/p>","protected":false},"featured_media":219042,"comment_status":"open","ping_status":"closed","template":"","meta":{"_acf_changed":false},"product_brand":[14178],"product_cat":[10160,13976,13973,14007,9841,14002],"product_tag":[],"class_list":{"0":"post-219041","1":"product","2":"type-product","3":"status-publish","4":"has-post-thumbnail","6":"product_brand-stanley-stella","7":"product_cat-ropa-bebe","8":"product_cat-ropa-nino","9":"product_cat-ropa","10":"product_cat-ropa-organica","11":"product_cat-sostenible","12":"product_cat-b-sudaderas","13":"tm-no-options","15":"first","16":"instock","17":"featured","18":"taxable","19":"shipping-taxable","20":"product-type-variable"},"acf":[],"_links":{"self":[{"href":"https:\/\/grupotextil.es\/en\/wp-json\/wp\/v2\/product\/219041","targetHints":{"allow":["GET"]}}],"collection":[{"href":"https:\/\/grupotextil.es\/en\/wp-json\/wp\/v2\/product"}],"about":[{"href":"https:\/\/grupotextil.es\/en\/wp-json\/wp\/v2\/types\/product"}],"replies":[{"embeddable":true,"href":"https:\/\/grupotextil.es\/en\/wp-json\/wp\/v2\/comments?post=219041"}],"wp:featuredmedia":[{"embeddable":true,"href":"https:\/\/grupotextil.es\/en\/wp-json\/wp\/v2\/media\/219042"}],"wp:attachment":[{"href":"https:\/\/grupotextil.es\/en\/wp-json\/wp\/v2\/media?parent=219041"}],"wp:term":[{"taxonomy":"product_brand","embeddable":true,"href":"https:\/\/grupotextil.es\/en\/wp-json\/wp\/v2\/product_brand?post=219041"},{"taxonomy":"product_cat","embeddable":true,"href":"https:\/\/grupotextil.es\/en\/wp-json\/wp\/v2\/product_cat?post=219041"},{"taxonomy":"product_tag","embeddable":true,"href":"https:\/\/grupotextil.es\/en\/wp-json\/wp\/v2\/product_tag?post=219041"}],"curies":[{"name":"wp","href":"https:\/\/api.w.org\/{rel}","templated":true}]}}