{"id":219117,"date":"2026-03-04T04:13:07","date_gmt":"2026-03-04T03:13:07","guid":{"rendered":"https:\/\/grupotextil.es\/producto\/camiseta-roly-andre-0350-nino\/"},"modified":"2026-03-04T06:15:38","modified_gmt":"2026-03-04T05:15:38","slug":"camiseta-roly-andre-0350-nino","status":"publish","type":"product","link":"https:\/\/grupotextil.es\/en\/product\/camiseta-roly-andre-0350-nino\/","title":{"rendered":"Camiseta Roly Andre 0350 Ni\u00f1o"},"content":{"rendered":"<p>Camiseta t\u00e9cnica de tirantes. Costura angular para mejorar adaptaci\u00f3n.<\/p>","protected":false},"excerpt":{"rendered":"<p>Camiseta t\u00e9cnica de tirantes. Costura angular para mejorar adaptaci\u00f3n.<\/p>","protected":false},"featured_media":219118,"comment_status":"open","ping_status":"closed","template":"","meta":{"_acf_changed":false},"product_brand":[14011],"product_cat":[13931,13995,13930,13976,13973],"product_tag":[],"class_list":{"0":"post-219117","1":"product","2":"type-product","3":"status-publish","4":"has-post-thumbnail","6":"product_brand-roly","7":"product_cat-rl-alta-visibilidad","8":"product_cat-n-camisetas","9":"product_cat-laboral","10":"product_cat-ropa-nino","11":"product_cat-ropa","12":"tm-no-options","14":"first","15":"instock","16":"taxable","17":"shipping-taxable","18":"product-type-variable"},"acf":[],"_links":{"self":[{"href":"https:\/\/grupotextil.es\/en\/wp-json\/wp\/v2\/product\/219117","targetHints":{"allow":["GET"]}}],"collection":[{"href":"https:\/\/grupotextil.es\/en\/wp-json\/wp\/v2\/product"}],"about":[{"href":"https:\/\/grupotextil.es\/en\/wp-json\/wp\/v2\/types\/product"}],"replies":[{"embeddable":true,"href":"https:\/\/grupotextil.es\/en\/wp-json\/wp\/v2\/comments?post=219117"}],"wp:featuredmedia":[{"embeddable":true,"href":"https:\/\/grupotextil.es\/en\/wp-json\/wp\/v2\/media\/219118"}],"wp:attachment":[{"href":"https:\/\/grupotextil.es\/en\/wp-json\/wp\/v2\/media?parent=219117"}],"wp:term":[{"taxonomy":"product_brand","embeddable":true,"href":"https:\/\/grupotextil.es\/en\/wp-json\/wp\/v2\/product_brand?post=219117"},{"taxonomy":"product_cat","embeddable":true,"href":"https:\/\/grupotextil.es\/en\/wp-json\/wp\/v2\/product_cat?post=219117"},{"taxonomy":"product_tag","embeddable":true,"href":"https:\/\/grupotextil.es\/en\/wp-json\/wp\/v2\/product_tag?post=219117"}],"curies":[{"name":"wp","href":"https:\/\/api.w.org\/{rel}","templated":true}]}}