{"id":219278,"date":"2026-03-04T04:15:41","date_gmt":"2026-03-04T03:15:41","guid":{"rendered":"https:\/\/grupotextil.es\/producto\/adorno-navideno-tinsel-1298\/"},"modified":"2026-03-04T06:15:40","modified_gmt":"2026-03-04T05:15:40","slug":"adorno-navideno-tinsel-1298","status":"publish","type":"product","link":"https:\/\/grupotextil.es\/en\/product\/adorno-navideno-tinsel-1298\/","title":{"rendered":"Adorno Navide\u00f1o Tinsel 1298"},"content":{"rendered":"<p>\u00c1rbol navide\u00f1o realizado en madera con mensaje. Base desmontable. El adorno navide\u00f1o perfecto para decorar tu lugar favorito.<\/p>","protected":false},"excerpt":{"rendered":"<p>\u00c1rbol navide\u00f1o realizado en madera con mensaje. Base desmontable. El adorno navide\u00f1o perfecto para decorar tu lugar favorito.<\/p>","protected":false},"featured_media":219279,"comment_status":"open","ping_status":"closed","template":"","meta":{"_acf_changed":false},"product_brand":[14012],"product_cat":[13948],"product_tag":[],"class_list":{"0":"post-219278","1":"product","2":"type-product","3":"status-publish","4":"has-post-thumbnail","6":"product_brand-stamina","7":"product_cat-accesorios","8":"tm-no-options","10":"first","11":"instock","12":"taxable","13":"shipping-taxable","14":"product-type-variable"},"acf":[],"_links":{"self":[{"href":"https:\/\/grupotextil.es\/en\/wp-json\/wp\/v2\/product\/219278","targetHints":{"allow":["GET"]}}],"collection":[{"href":"https:\/\/grupotextil.es\/en\/wp-json\/wp\/v2\/product"}],"about":[{"href":"https:\/\/grupotextil.es\/en\/wp-json\/wp\/v2\/types\/product"}],"replies":[{"embeddable":true,"href":"https:\/\/grupotextil.es\/en\/wp-json\/wp\/v2\/comments?post=219278"}],"wp:featuredmedia":[{"embeddable":true,"href":"https:\/\/grupotextil.es\/en\/wp-json\/wp\/v2\/media\/219279"}],"wp:attachment":[{"href":"https:\/\/grupotextil.es\/en\/wp-json\/wp\/v2\/media?parent=219278"}],"wp:term":[{"taxonomy":"product_brand","embeddable":true,"href":"https:\/\/grupotextil.es\/en\/wp-json\/wp\/v2\/product_brand?post=219278"},{"taxonomy":"product_cat","embeddable":true,"href":"https:\/\/grupotextil.es\/en\/wp-json\/wp\/v2\/product_cat?post=219278"},{"taxonomy":"product_tag","embeddable":true,"href":"https:\/\/grupotextil.es\/en\/wp-json\/wp\/v2\/product_tag?post=219278"}],"curies":[{"name":"wp","href":"https:\/\/api.w.org\/{rel}","templated":true}]}}