{"id":219314,"date":"2026-03-04T04:16:20","date_gmt":"2026-03-04T03:16:20","guid":{"rendered":"https:\/\/grupotextil.es\/producto\/taza-con-tapa-dosificadora-stamina-pana-4097\/"},"modified":"2026-03-04T06:15:40","modified_gmt":"2026-03-04T05:15:40","slug":"taza-con-tapa-dosificadora-stamina-pana-4097","status":"publish","type":"product","link":"https:\/\/grupotextil.es\/en\/product\/taza-con-tapa-dosificadora-stamina-pana-4097\/","title":{"rendered":"Taza con Tapa Dosificadora Stamina Pana 4097"},"content":{"rendered":"<p>Taza de acero inoxidable con doble pared y exterior en bamb\u00fa. Incluye tapa dosificadora. 340 ml de capacidad. Esta fant\u00e1stica taza, es la m\u00e1s completa, podr\u00e1s usarla tanto en casa, como fuera, todo esto combinado con un elegante dise\u00f1o.<\/p>","protected":false},"excerpt":{"rendered":"<p>Taza de acero inoxidable con doble pared y exterior en bamb\u00fa. Incluye tapa dosificadora. 340 ml de capacidad. Esta fant\u00e1stica taza, es la m\u00e1s completa, podr\u00e1s usarla tanto en casa, como fuera, todo esto combinado con un elegante dise\u00f1o.<\/p>","protected":false},"featured_media":219315,"comment_status":"open","ping_status":"closed","template":"","meta":{"_acf_changed":false},"product_brand":[14012],"product_cat":[14006,13971],"product_tag":[],"class_list":{"0":"post-219314","1":"product","2":"type-product","3":"status-publish","4":"has-post-thumbnail","6":"product_brand-stamina","7":"product_cat-acc-merchandising","8":"product_cat-mr-tazas","9":"tm-no-options","11":"first","12":"instock","13":"taxable","14":"shipping-taxable","15":"product-type-variable"},"acf":[],"_links":{"self":[{"href":"https:\/\/grupotextil.es\/en\/wp-json\/wp\/v2\/product\/219314","targetHints":{"allow":["GET"]}}],"collection":[{"href":"https:\/\/grupotextil.es\/en\/wp-json\/wp\/v2\/product"}],"about":[{"href":"https:\/\/grupotextil.es\/en\/wp-json\/wp\/v2\/types\/product"}],"replies":[{"embeddable":true,"href":"https:\/\/grupotextil.es\/en\/wp-json\/wp\/v2\/comments?post=219314"}],"wp:featuredmedia":[{"embeddable":true,"href":"https:\/\/grupotextil.es\/en\/wp-json\/wp\/v2\/media\/219315"}],"wp:attachment":[{"href":"https:\/\/grupotextil.es\/en\/wp-json\/wp\/v2\/media?parent=219314"}],"wp:term":[{"taxonomy":"product_brand","embeddable":true,"href":"https:\/\/grupotextil.es\/en\/wp-json\/wp\/v2\/product_brand?post=219314"},{"taxonomy":"product_cat","embeddable":true,"href":"https:\/\/grupotextil.es\/en\/wp-json\/wp\/v2\/product_cat?post=219314"},{"taxonomy":"product_tag","embeddable":true,"href":"https:\/\/grupotextil.es\/en\/wp-json\/wp\/v2\/product_tag?post=219314"}],"curies":[{"name":"wp","href":"https:\/\/api.w.org\/{rel}","templated":true}]}}