{"id":219337,"date":"2026-03-04T04:16:46","date_gmt":"2026-03-04T03:16:46","guid":{"rendered":"https:\/\/grupotextil.es\/producto\/gorro-stamina-nick-1309\/"},"modified":"2026-03-04T06:15:40","modified_gmt":"2026-03-04T05:15:40","slug":"gorro-stamina-nick-1309","status":"publish","type":"product","link":"https:\/\/grupotextil.es\/en\/product\/gorro-stamina-nick-1309\/","title":{"rendered":"Gorro Stamina Nick 1309"},"content":{"rendered":"<p>Gorro de Pap\u00e1 Noel infantil con dibujos para colorear incorporados en la tira frontal. Se colorean los dibujos con ceras de colores incluidas: rojo, amarillo, verde y azul. \u00a1Una opci\u00f3n divertida y entretenida para los m\u00e1s peque\u00f1os!<\/p>","protected":false},"excerpt":{"rendered":"<p>Gorro de Pap\u00e1 Noel infantil con dibujos para colorear incorporados en la tira frontal. Se colorean los dibujos con ceras de colores incluidas: rojo, amarillo, verde y azul. \u00a1Una opci\u00f3n divertida y entretenida para los m\u00e1s peque\u00f1os!<\/p>","protected":false},"featured_media":219338,"comment_status":"open","ping_status":"closed","template":"","meta":{"_acf_changed":false},"product_brand":[14012],"product_cat":[13973],"product_tag":[],"class_list":{"0":"post-219337","1":"product","2":"type-product","3":"status-publish","4":"has-post-thumbnail","6":"product_brand-stamina","7":"product_cat-ropa","8":"tm-no-options","10":"first","11":"instock","12":"taxable","13":"shipping-taxable","14":"product-type-variable"},"acf":[],"_links":{"self":[{"href":"https:\/\/grupotextil.es\/en\/wp-json\/wp\/v2\/product\/219337","targetHints":{"allow":["GET"]}}],"collection":[{"href":"https:\/\/grupotextil.es\/en\/wp-json\/wp\/v2\/product"}],"about":[{"href":"https:\/\/grupotextil.es\/en\/wp-json\/wp\/v2\/types\/product"}],"replies":[{"embeddable":true,"href":"https:\/\/grupotextil.es\/en\/wp-json\/wp\/v2\/comments?post=219337"}],"wp:featuredmedia":[{"embeddable":true,"href":"https:\/\/grupotextil.es\/en\/wp-json\/wp\/v2\/media\/219338"}],"wp:attachment":[{"href":"https:\/\/grupotextil.es\/en\/wp-json\/wp\/v2\/media?parent=219337"}],"wp:term":[{"taxonomy":"product_brand","embeddable":true,"href":"https:\/\/grupotextil.es\/en\/wp-json\/wp\/v2\/product_brand?post=219337"},{"taxonomy":"product_cat","embeddable":true,"href":"https:\/\/grupotextil.es\/en\/wp-json\/wp\/v2\/product_cat?post=219337"},{"taxonomy":"product_tag","embeddable":true,"href":"https:\/\/grupotextil.es\/en\/wp-json\/wp\/v2\/product_tag?post=219337"}],"curies":[{"name":"wp","href":"https:\/\/api.w.org\/{rel}","templated":true}]}}