{"id":219701,"date":"2026-03-04T04:22:46","date_gmt":"2026-03-04T03:22:46","guid":{"rendered":"https:\/\/grupotextil.es\/producto\/reloj-con-cargador-inalambrico-stamina-icarus-3029\/"},"modified":"2026-03-04T06:15:42","modified_gmt":"2026-03-04T05:15:42","slug":"reloj-con-cargador-inalambrico-stamina-icarus-3029","status":"publish","type":"product","link":"https:\/\/grupotextil.es\/en\/product\/reloj-con-cargador-inalambrico-stamina-icarus-3029\/","title":{"rendered":"Reloj con Cargador Inal\u00e1mbrico Stamina Icarus 3029"},"content":{"rendered":"<p>Reloj con cargador inal\u00e1mbrico elaborado en madera MDF. Con funciones de hora, fecha, alarma y temperatura y 2 modos de pantalla, pudiendo mostrar la fecha y temperatura de forma alternante con la hora o s\u00f3lo la hora. Ajustes mediante bot\u00f3n multifunci\u00f3n. Se pueden configurar hasta 3 alarmas independientes. Superficie de carga inal\u00e1mbrica compatible con dispositivos provistos de esta tecnolog\u00eda con potencia de salida de 5W.<\/p>","protected":false},"excerpt":{"rendered":"<p>Reloj con cargador inal\u00e1mbrico elaborado en madera MDF. Con funciones de hora, fecha, alarma y temperatura y 2 modos de pantalla, pudiendo mostrar la fecha y temperatura de forma alternante con la hora o s\u00f3lo la hora. Ajustes mediante bot\u00f3n multifunci\u00f3n. Se pueden configurar hasta 3 alarmas independientes. Superficie de carga inal\u00e1mbrica compatible con dispositivos provistos de esta tecnolog\u00eda con potencia de salida de 5W.<\/p>","protected":false},"featured_media":219702,"comment_status":"open","ping_status":"closed","template":"","meta":{"_acf_changed":false},"product_brand":[14012],"product_cat":[14006,13959],"product_tag":[],"class_list":{"0":"post-219701","1":"product","2":"type-product","3":"status-publish","4":"has-post-thumbnail","6":"product_brand-stamina","7":"product_cat-acc-merchandising","8":"product_cat-mr-tecnologia","9":"tm-no-options","11":"first","12":"outofstock","13":"taxable","14":"shipping-taxable","15":"product-type-variable"},"acf":[],"_links":{"self":[{"href":"https:\/\/grupotextil.es\/en\/wp-json\/wp\/v2\/product\/219701","targetHints":{"allow":["GET"]}}],"collection":[{"href":"https:\/\/grupotextil.es\/en\/wp-json\/wp\/v2\/product"}],"about":[{"href":"https:\/\/grupotextil.es\/en\/wp-json\/wp\/v2\/types\/product"}],"replies":[{"embeddable":true,"href":"https:\/\/grupotextil.es\/en\/wp-json\/wp\/v2\/comments?post=219701"}],"wp:featuredmedia":[{"embeddable":true,"href":"https:\/\/grupotextil.es\/en\/wp-json\/wp\/v2\/media\/219702"}],"wp:attachment":[{"href":"https:\/\/grupotextil.es\/en\/wp-json\/wp\/v2\/media?parent=219701"}],"wp:term":[{"taxonomy":"product_brand","embeddable":true,"href":"https:\/\/grupotextil.es\/en\/wp-json\/wp\/v2\/product_brand?post=219701"},{"taxonomy":"product_cat","embeddable":true,"href":"https:\/\/grupotextil.es\/en\/wp-json\/wp\/v2\/product_cat?post=219701"},{"taxonomy":"product_tag","embeddable":true,"href":"https:\/\/grupotextil.es\/en\/wp-json\/wp\/v2\/product_tag?post=219701"}],"curies":[{"name":"wp","href":"https:\/\/api.w.org\/{rel}","templated":true}]}}