{"id":219747,"date":"2026-03-04T04:23:53","date_gmt":"2026-03-04T03:23:53","guid":{"rendered":"https:\/\/grupotextil.es\/producto\/fiambrera-de-acero-inoxidable-stamina-korlan-4066\/"},"modified":"2026-03-04T06:15:43","modified_gmt":"2026-03-04T05:15:43","slug":"fiambrera-de-acero-inoxidable-stamina-korlan-4066","status":"publish","type":"product","link":"https:\/\/grupotextil.es\/en\/product\/fiambrera-de-acero-inoxidable-stamina-korlan-4066\/","title":{"rendered":"Fiambrera de Acero Inoxidable Stamina Korlan 4066"},"content":{"rendered":"<p class=\"product-short-desc font-stamina poppins-sort-desc\" data-v-dc34de50=\"\">Fiambrera de acero inoxidable 304 con tapa de bamb\u00fa y banda de seguridad en poli\u00e9ster. Capacidad de 750 ml. Id\u00f3nea para personalizarla y promocionar tu empresa.<\/p>","protected":false},"excerpt":{"rendered":"<p class=\"product-short-desc font-stamina poppins-sort-desc\" data-v-dc34de50=\"\">Fiambrera de acero inoxidable 304 con tapa de bamb\u00fa y banda de seguridad en poli\u00e9ster. Capacidad de 750 ml. Id\u00f3nea para personalizarla y promocionar tu empresa.<\/p>","protected":false},"featured_media":219748,"comment_status":"open","ping_status":"closed","template":"","meta":{"_acf_changed":false},"product_brand":[14012],"product_cat":[14006,13971],"product_tag":[],"class_list":{"0":"post-219747","1":"product","2":"type-product","3":"status-publish","4":"has-post-thumbnail","6":"product_brand-stamina","7":"product_cat-acc-merchandising","8":"product_cat-mr-tazas","9":"tm-no-options","11":"first","12":"instock","13":"taxable","14":"shipping-taxable","15":"product-type-variable"},"acf":[],"_links":{"self":[{"href":"https:\/\/grupotextil.es\/en\/wp-json\/wp\/v2\/product\/219747","targetHints":{"allow":["GET"]}}],"collection":[{"href":"https:\/\/grupotextil.es\/en\/wp-json\/wp\/v2\/product"}],"about":[{"href":"https:\/\/grupotextil.es\/en\/wp-json\/wp\/v2\/types\/product"}],"replies":[{"embeddable":true,"href":"https:\/\/grupotextil.es\/en\/wp-json\/wp\/v2\/comments?post=219747"}],"wp:featuredmedia":[{"embeddable":true,"href":"https:\/\/grupotextil.es\/en\/wp-json\/wp\/v2\/media\/219748"}],"wp:attachment":[{"href":"https:\/\/grupotextil.es\/en\/wp-json\/wp\/v2\/media?parent=219747"}],"wp:term":[{"taxonomy":"product_brand","embeddable":true,"href":"https:\/\/grupotextil.es\/en\/wp-json\/wp\/v2\/product_brand?post=219747"},{"taxonomy":"product_cat","embeddable":true,"href":"https:\/\/grupotextil.es\/en\/wp-json\/wp\/v2\/product_cat?post=219747"},{"taxonomy":"product_tag","embeddable":true,"href":"https:\/\/grupotextil.es\/en\/wp-json\/wp\/v2\/product_tag?post=219747"}],"curies":[{"name":"wp","href":"https:\/\/api.w.org\/{rel}","templated":true}]}}