{"id":219878,"date":"2026-03-04T04:26:44","date_gmt":"2026-03-04T03:26:44","guid":{"rendered":"https:\/\/grupotextil.es\/producto\/outlet-gel-higienizante-stamina-bishop-9906\/"},"modified":"2026-03-04T06:15:44","modified_gmt":"2026-03-04T05:15:44","slug":"outlet-gel-higienizante-stamina-bishop-9906","status":"publish","type":"product","link":"https:\/\/grupotextil.es\/en\/product\/outlet-gel-higienizante-stamina-bishop-9906\/","title":{"rendered":"*OUTLET* Gel Higienizante Stamina Bishop 9906"},"content":{"rendered":"<p>Gel higienizante de manos, con 70% de alcohol. Pr\u00e1ctico recipiente de 30 ml. transparente, con mosquet\u00f3n met\u00e1lico.<\/p>","protected":false},"excerpt":{"rendered":"<p>Gel higienizante de manos, con 70% de alcohol. Pr\u00e1ctico recipiente de 30 ml. transparente, con mosquet\u00f3n met\u00e1lico.<\/p>","protected":false},"featured_media":219879,"comment_status":"open","ping_status":"closed","template":"","meta":{"_acf_changed":false},"product_brand":[14012],"product_cat":[13973],"product_tag":[],"class_list":{"0":"post-219878","1":"product","2":"type-product","3":"status-publish","4":"has-post-thumbnail","6":"product_brand-stamina","7":"product_cat-ropa","8":"tm-no-options","10":"first","11":"instock","12":"taxable","13":"shipping-taxable","14":"product-type-variable"},"acf":[],"_links":{"self":[{"href":"https:\/\/grupotextil.es\/en\/wp-json\/wp\/v2\/product\/219878","targetHints":{"allow":["GET"]}}],"collection":[{"href":"https:\/\/grupotextil.es\/en\/wp-json\/wp\/v2\/product"}],"about":[{"href":"https:\/\/grupotextil.es\/en\/wp-json\/wp\/v2\/types\/product"}],"replies":[{"embeddable":true,"href":"https:\/\/grupotextil.es\/en\/wp-json\/wp\/v2\/comments?post=219878"}],"wp:featuredmedia":[{"embeddable":true,"href":"https:\/\/grupotextil.es\/en\/wp-json\/wp\/v2\/media\/219879"}],"wp:attachment":[{"href":"https:\/\/grupotextil.es\/en\/wp-json\/wp\/v2\/media?parent=219878"}],"wp:term":[{"taxonomy":"product_brand","embeddable":true,"href":"https:\/\/grupotextil.es\/en\/wp-json\/wp\/v2\/product_brand?post=219878"},{"taxonomy":"product_cat","embeddable":true,"href":"https:\/\/grupotextil.es\/en\/wp-json\/wp\/v2\/product_cat?post=219878"},{"taxonomy":"product_tag","embeddable":true,"href":"https:\/\/grupotextil.es\/en\/wp-json\/wp\/v2\/product_tag?post=219878"}],"curies":[{"name":"wp","href":"https:\/\/api.w.org\/{rel}","templated":true}]}}