{"id":219882,"date":"2026-03-04T04:26:49","date_gmt":"2026-03-04T03:26:49","guid":{"rendered":"https:\/\/grupotextil.es\/producto\/mascarilla-stamina-finlay-9941\/"},"modified":"2026-03-04T06:15:44","modified_gmt":"2026-03-04T05:15:44","slug":"mascarilla-stamina-finlay-9941","status":"publish","type":"product","link":"https:\/\/grupotextil.es\/en\/product\/mascarilla-stamina-finlay-9941\/","title":{"rendered":"Mascarilla Stamina Finlay 9941"},"content":{"rendered":"<p>Mascarilla de seguridad FF2 NR de cinco capas. Acabados termosellados, con el\u00e1sticos de sujeci\u00f3n, accesorio de sujeci\u00f3n craneal, pinza ajustable en la nariz y almohadilla nasal interior.<\/p>","protected":false},"excerpt":{"rendered":"<p>Mascarilla de seguridad FF2 NR de cinco capas. Acabados termosellados, con el\u00e1sticos de sujeci\u00f3n, accesorio de sujeci\u00f3n craneal, pinza ajustable en la nariz y almohadilla nasal interior.<\/p>","protected":false},"featured_media":219883,"comment_status":"open","ping_status":"closed","template":"","meta":{"_acf_changed":false},"product_brand":[14012],"product_cat":[13948],"product_tag":[],"class_list":{"0":"post-219882","1":"product","2":"type-product","3":"status-publish","4":"has-post-thumbnail","6":"product_brand-stamina","7":"product_cat-accesorios","8":"tm-no-options","10":"first","11":"outofstock","12":"taxable","13":"shipping-taxable","14":"product-type-variable"},"acf":[],"_links":{"self":[{"href":"https:\/\/grupotextil.es\/en\/wp-json\/wp\/v2\/product\/219882","targetHints":{"allow":["GET"]}}],"collection":[{"href":"https:\/\/grupotextil.es\/en\/wp-json\/wp\/v2\/product"}],"about":[{"href":"https:\/\/grupotextil.es\/en\/wp-json\/wp\/v2\/types\/product"}],"replies":[{"embeddable":true,"href":"https:\/\/grupotextil.es\/en\/wp-json\/wp\/v2\/comments?post=219882"}],"wp:featuredmedia":[{"embeddable":true,"href":"https:\/\/grupotextil.es\/en\/wp-json\/wp\/v2\/media\/219883"}],"wp:attachment":[{"href":"https:\/\/grupotextil.es\/en\/wp-json\/wp\/v2\/media?parent=219882"}],"wp:term":[{"taxonomy":"product_brand","embeddable":true,"href":"https:\/\/grupotextil.es\/en\/wp-json\/wp\/v2\/product_brand?post=219882"},{"taxonomy":"product_cat","embeddable":true,"href":"https:\/\/grupotextil.es\/en\/wp-json\/wp\/v2\/product_cat?post=219882"},{"taxonomy":"product_tag","embeddable":true,"href":"https:\/\/grupotextil.es\/en\/wp-json\/wp\/v2\/product_tag?post=219882"}],"curies":[{"name":"wp","href":"https:\/\/api.w.org\/{rel}","templated":true}]}}