{"id":219928,"date":"2026-03-04T04:28:12","date_gmt":"2026-03-04T03:28:12","guid":{"rendered":"https:\/\/grupotextil.es\/producto\/agenda-acolchada-stamina-selkis-8083\/"},"modified":"2026-03-04T06:15:45","modified_gmt":"2026-03-04T05:15:45","slug":"agenda-acolchada-stamina-selkis-8083","status":"publish","type":"product","link":"https:\/\/grupotextil.es\/en\/product\/agenda-acolchada-stamina-selkis-8083\/","title":{"rendered":"Agenda Acolchada Stamina Selkis 8083"},"content":{"rendered":"<p>Agenda con cubierta de polipiel acolchada grabada en bajo relieve tama\u00f1o B5. 320 p\u00e1ginas en color beige m\u00e1s 4 p\u00e1ginas con mapas. Marcap\u00e1ginas a juego con la cubierta. Gramaje del papel de 70gsm.<\/p>","protected":false},"excerpt":{"rendered":"<p>Agenda con cubierta de polipiel acolchada grabada en bajo relieve tama\u00f1o B5. 320 p\u00e1ginas en color beige m\u00e1s 4 p\u00e1ginas con mapas. Marcap\u00e1ginas a juego con la cubierta. Gramaje del papel de 70gsm.<\/p>","protected":false},"featured_media":219929,"comment_status":"open","ping_status":"closed","template":"","meta":{"_acf_changed":false},"product_brand":[14012],"product_cat":[14006,13972],"product_tag":[],"class_list":{"0":"post-219928","1":"product","2":"type-product","3":"status-publish","4":"has-post-thumbnail","6":"product_brand-stamina","7":"product_cat-acc-merchandising","8":"product_cat-oficina-y-escritura","9":"tm-no-options","11":"first","12":"instock","13":"taxable","14":"shipping-taxable","15":"product-type-variable"},"acf":[],"_links":{"self":[{"href":"https:\/\/grupotextil.es\/en\/wp-json\/wp\/v2\/product\/219928","targetHints":{"allow":["GET"]}}],"collection":[{"href":"https:\/\/grupotextil.es\/en\/wp-json\/wp\/v2\/product"}],"about":[{"href":"https:\/\/grupotextil.es\/en\/wp-json\/wp\/v2\/types\/product"}],"replies":[{"embeddable":true,"href":"https:\/\/grupotextil.es\/en\/wp-json\/wp\/v2\/comments?post=219928"}],"wp:featuredmedia":[{"embeddable":true,"href":"https:\/\/grupotextil.es\/en\/wp-json\/wp\/v2\/media\/219929"}],"wp:attachment":[{"href":"https:\/\/grupotextil.es\/en\/wp-json\/wp\/v2\/media?parent=219928"}],"wp:term":[{"taxonomy":"product_brand","embeddable":true,"href":"https:\/\/grupotextil.es\/en\/wp-json\/wp\/v2\/product_brand?post=219928"},{"taxonomy":"product_cat","embeddable":true,"href":"https:\/\/grupotextil.es\/en\/wp-json\/wp\/v2\/product_cat?post=219928"},{"taxonomy":"product_tag","embeddable":true,"href":"https:\/\/grupotextil.es\/en\/wp-json\/wp\/v2\/product_tag?post=219928"}],"curies":[{"name":"wp","href":"https:\/\/api.w.org\/{rel}","templated":true}]}}