{"id":219959,"date":"2026-03-04T04:29:05","date_gmt":"2026-03-04T03:29:05","guid":{"rendered":"https:\/\/grupotextil.es\/producto\/bidon-de-acero-inoxidable-stamina-sotos-4100\/"},"modified":"2026-03-04T06:15:45","modified_gmt":"2026-03-04T05:15:45","slug":"bidon-de-acero-inoxidable-stamina-sotos-4100","status":"publish","type":"product","link":"https:\/\/grupotextil.es\/en\/product\/bidon-de-acero-inoxidable-stamina-sotos-4100\/","title":{"rendered":"Bid\u00f3n de Acero Inoxidable Stamina Sotos 4100"},"content":{"rendered":"<p><strong>PRODUCTO QUE SE DESCATALOGAR\u00c1 CUANDO SE AGOTEN LAS EXISTENCIAS<\/strong> \u2013 Bid\u00f3n con cuerpo elaborado en acero inoxidable 304 con tap\u00f3n de bamb\u00fa, que incluye cinta para transporte. Con 600 ml de capacidad. Promociona tu empresa con el bid\u00f3n Sotos.<\/p>","protected":false},"excerpt":{"rendered":"<p><strong>PRODUCTO QUE SE DESCATALOGAR\u00c1 CUANDO SE AGOTEN LAS EXISTENCIAS<\/strong> \u2013 Bid\u00f3n con cuerpo elaborado en acero inoxidable 304 con tap\u00f3n de bamb\u00fa, que incluye cinta para transporte. Con 600 ml de capacidad. Promociona tu empresa con el bid\u00f3n Sotos.<\/p>","protected":false},"featured_media":219960,"comment_status":"open","ping_status":"closed","template":"","meta":{"_acf_changed":false},"product_brand":[14012],"product_cat":[13958,14006,13971],"product_tag":[],"class_list":{"0":"post-219959","1":"product","2":"type-product","3":"status-publish","4":"has-post-thumbnail","6":"product_brand-stamina","7":"product_cat-mr-botellas-y-termos","8":"product_cat-acc-merchandising","9":"product_cat-mr-tazas","10":"tm-no-options","12":"first","13":"outofstock","14":"taxable","15":"shipping-taxable","16":"product-type-variable"},"acf":[],"_links":{"self":[{"href":"https:\/\/grupotextil.es\/en\/wp-json\/wp\/v2\/product\/219959","targetHints":{"allow":["GET"]}}],"collection":[{"href":"https:\/\/grupotextil.es\/en\/wp-json\/wp\/v2\/product"}],"about":[{"href":"https:\/\/grupotextil.es\/en\/wp-json\/wp\/v2\/types\/product"}],"replies":[{"embeddable":true,"href":"https:\/\/grupotextil.es\/en\/wp-json\/wp\/v2\/comments?post=219959"}],"wp:featuredmedia":[{"embeddable":true,"href":"https:\/\/grupotextil.es\/en\/wp-json\/wp\/v2\/media\/219960"}],"wp:attachment":[{"href":"https:\/\/grupotextil.es\/en\/wp-json\/wp\/v2\/media?parent=219959"}],"wp:term":[{"taxonomy":"product_brand","embeddable":true,"href":"https:\/\/grupotextil.es\/en\/wp-json\/wp\/v2\/product_brand?post=219959"},{"taxonomy":"product_cat","embeddable":true,"href":"https:\/\/grupotextil.es\/en\/wp-json\/wp\/v2\/product_cat?post=219959"},{"taxonomy":"product_tag","embeddable":true,"href":"https:\/\/grupotextil.es\/en\/wp-json\/wp\/v2\/product_tag?post=219959"}],"curies":[{"name":"wp","href":"https:\/\/api.w.org\/{rel}","templated":true}]}}