{"id":220035,"date":"2026-03-04T04:30:46","date_gmt":"2026-03-04T03:30:46","guid":{"rendered":"https:\/\/grupotextil.es\/producto\/flexometro-de-5-metros-stamina-pick-0106\/"},"modified":"2026-03-04T06:15:46","modified_gmt":"2026-03-04T05:15:46","slug":"flexometro-de-5-metros-stamina-pick-0106","status":"publish","type":"product","link":"https:\/\/grupotextil.es\/en\/product\/flexometro-de-5-metros-stamina-pick-0106\/","title":{"rendered":"Flex\u00f3metro de 5 Metros Stamina Pick 0106"},"content":{"rendered":"<p>Fl\u00e9xometro de 5 metros homologado, con mecanismo de bloqueo y cuchilla met\u00e1lica. Cuerpo en color con funda de goma, clip met\u00e1lico y cinta de transporte.<\/p>","protected":false},"excerpt":{"rendered":"<p>Fl\u00e9xometro de 5 metros homologado, con mecanismo de bloqueo y cuchilla met\u00e1lica. Cuerpo en color con funda de goma, clip met\u00e1lico y cinta de transporte.<\/p>","protected":false},"featured_media":220036,"comment_status":"open","ping_status":"closed","template":"","meta":{"_acf_changed":false},"product_brand":[14012],"product_cat":[13973],"product_tag":[],"class_list":{"0":"post-220035","1":"product","2":"type-product","3":"status-publish","4":"has-post-thumbnail","6":"product_brand-stamina","7":"product_cat-ropa","8":"tm-no-options","10":"first","11":"instock","12":"taxable","13":"shipping-taxable","14":"product-type-variable"},"acf":[],"_links":{"self":[{"href":"https:\/\/grupotextil.es\/en\/wp-json\/wp\/v2\/product\/220035","targetHints":{"allow":["GET"]}}],"collection":[{"href":"https:\/\/grupotextil.es\/en\/wp-json\/wp\/v2\/product"}],"about":[{"href":"https:\/\/grupotextil.es\/en\/wp-json\/wp\/v2\/types\/product"}],"replies":[{"embeddable":true,"href":"https:\/\/grupotextil.es\/en\/wp-json\/wp\/v2\/comments?post=220035"}],"wp:featuredmedia":[{"embeddable":true,"href":"https:\/\/grupotextil.es\/en\/wp-json\/wp\/v2\/media\/220036"}],"wp:attachment":[{"href":"https:\/\/grupotextil.es\/en\/wp-json\/wp\/v2\/media?parent=220035"}],"wp:term":[{"taxonomy":"product_brand","embeddable":true,"href":"https:\/\/grupotextil.es\/en\/wp-json\/wp\/v2\/product_brand?post=220035"},{"taxonomy":"product_cat","embeddable":true,"href":"https:\/\/grupotextil.es\/en\/wp-json\/wp\/v2\/product_cat?post=220035"},{"taxonomy":"product_tag","embeddable":true,"href":"https:\/\/grupotextil.es\/en\/wp-json\/wp\/v2\/product_tag?post=220035"}],"curies":[{"name":"wp","href":"https:\/\/api.w.org\/{rel}","templated":true}]}}