{"id":220246,"date":"2026-03-04T04:35:05","date_gmt":"2026-03-04T03:35:05","guid":{"rendered":"https:\/\/grupotextil.es\/producto\/termo-de-acero-inoxidable-stamina-fengi-4035\/"},"modified":"2026-03-04T06:15:48","modified_gmt":"2026-03-04T05:15:48","slug":"termo-de-acero-inoxidable-stamina-fengi-4035","status":"publish","type":"product","link":"https:\/\/grupotextil.es\/en\/product\/termo-de-acero-inoxidable-stamina-fengi-4035\/","title":{"rendered":"Termo de Acero Inoxidable Stamina Fengi 4035"},"content":{"rendered":"<p class=\"product-short-desc font-stamina poppins-sort-desc\" data-v-dc34de50=\"\">Termo de acero 304 doble pared y recubrimiento de bamb\u00fa. Con capacidad 420 ml. Incluye cinta para transporte incorporado en el cuerpo. Adem\u00e1s, cuenta con un tap\u00f3n antigoteo a rosca con funci\u00f3n taza, tambi\u00e9n en acero inoxidable. Un termo elegante, pr\u00e1ctico y completo.<\/p>","protected":false},"excerpt":{"rendered":"<p class=\"product-short-desc font-stamina poppins-sort-desc\" data-v-dc34de50=\"\">Termo de acero 304 doble pared y recubrimiento de bamb\u00fa. Con capacidad 420 ml. Incluye cinta para transporte incorporado en el cuerpo. Adem\u00e1s, cuenta con un tap\u00f3n antigoteo a rosca con funci\u00f3n taza, tambi\u00e9n en acero inoxidable. Un termo elegante, pr\u00e1ctico y completo.<\/p>","protected":false},"featured_media":220247,"comment_status":"open","ping_status":"closed","template":"","meta":{"_acf_changed":false},"product_brand":[14012],"product_cat":[13958,14006,13971],"product_tag":[],"class_list":{"0":"post-220246","1":"product","2":"type-product","3":"status-publish","4":"has-post-thumbnail","6":"product_brand-stamina","7":"product_cat-mr-botellas-y-termos","8":"product_cat-acc-merchandising","9":"product_cat-mr-tazas","10":"tm-no-options","12":"first","13":"instock","14":"taxable","15":"shipping-taxable","16":"product-type-variable"},"acf":[],"_links":{"self":[{"href":"https:\/\/grupotextil.es\/en\/wp-json\/wp\/v2\/product\/220246","targetHints":{"allow":["GET"]}}],"collection":[{"href":"https:\/\/grupotextil.es\/en\/wp-json\/wp\/v2\/product"}],"about":[{"href":"https:\/\/grupotextil.es\/en\/wp-json\/wp\/v2\/types\/product"}],"replies":[{"embeddable":true,"href":"https:\/\/grupotextil.es\/en\/wp-json\/wp\/v2\/comments?post=220246"}],"wp:featuredmedia":[{"embeddable":true,"href":"https:\/\/grupotextil.es\/en\/wp-json\/wp\/v2\/media\/220247"}],"wp:attachment":[{"href":"https:\/\/grupotextil.es\/en\/wp-json\/wp\/v2\/media?parent=220246"}],"wp:term":[{"taxonomy":"product_brand","embeddable":true,"href":"https:\/\/grupotextil.es\/en\/wp-json\/wp\/v2\/product_brand?post=220246"},{"taxonomy":"product_cat","embeddable":true,"href":"https:\/\/grupotextil.es\/en\/wp-json\/wp\/v2\/product_cat?post=220246"},{"taxonomy":"product_tag","embeddable":true,"href":"https:\/\/grupotextil.es\/en\/wp-json\/wp\/v2\/product_tag?post=220246"}],"curies":[{"name":"wp","href":"https:\/\/api.w.org\/{rel}","templated":true}]}}