{"id":220364,"date":"2026-03-04T04:37:48","date_gmt":"2026-03-04T03:37:48","guid":{"rendered":"https:\/\/grupotextil.es\/producto\/parasol-stamina-akala-0100\/"},"modified":"2026-03-04T06:15:49","modified_gmt":"2026-03-04T05:15:49","slug":"parasol-stamina-akala-0100","status":"publish","type":"product","link":"https:\/\/grupotextil.es\/en\/product\/parasol-stamina-akala-0100\/","title":{"rendered":"Parasol Stamina Akala 0100"},"content":{"rendered":"<p>Parasol para coche con el frontal de aluminio y la parte trasera de espuma blanca. Dos argollas met\u00e1licas en ambas esquinas superiores para la introducci\u00f3n de ventosas de sujeci\u00f3n. Ribete y gomas el\u00e1sticas para su enrollado en color negro.<\/p>","protected":false},"excerpt":{"rendered":"<p>Parasol para coche con el frontal de aluminio y la parte trasera de espuma blanca. Dos argollas met\u00e1licas en ambas esquinas superiores para la introducci\u00f3n de ventosas de sujeci\u00f3n. Ribete y gomas el\u00e1sticas para su enrollado en color negro.<\/p>","protected":false},"featured_media":220365,"comment_status":"open","ping_status":"closed","template":"","meta":{"_acf_changed":false},"product_brand":[14012],"product_cat":[13961,14006],"product_tag":[],"class_list":{"0":"post-220364","1":"product","2":"type-product","3":"status-publish","4":"has-post-thumbnail","6":"product_brand-stamina","7":"product_cat-mr-articulos-de-playa","8":"product_cat-acc-merchandising","9":"tm-no-options","11":"first","12":"instock","13":"taxable","14":"shipping-taxable","15":"product-type-variable"},"acf":[],"_links":{"self":[{"href":"https:\/\/grupotextil.es\/en\/wp-json\/wp\/v2\/product\/220364","targetHints":{"allow":["GET"]}}],"collection":[{"href":"https:\/\/grupotextil.es\/en\/wp-json\/wp\/v2\/product"}],"about":[{"href":"https:\/\/grupotextil.es\/en\/wp-json\/wp\/v2\/types\/product"}],"replies":[{"embeddable":true,"href":"https:\/\/grupotextil.es\/en\/wp-json\/wp\/v2\/comments?post=220364"}],"wp:featuredmedia":[{"embeddable":true,"href":"https:\/\/grupotextil.es\/en\/wp-json\/wp\/v2\/media\/220365"}],"wp:attachment":[{"href":"https:\/\/grupotextil.es\/en\/wp-json\/wp\/v2\/media?parent=220364"}],"wp:term":[{"taxonomy":"product_brand","embeddable":true,"href":"https:\/\/grupotextil.es\/en\/wp-json\/wp\/v2\/product_brand?post=220364"},{"taxonomy":"product_cat","embeddable":true,"href":"https:\/\/grupotextil.es\/en\/wp-json\/wp\/v2\/product_cat?post=220364"},{"taxonomy":"product_tag","embeddable":true,"href":"https:\/\/grupotextil.es\/en\/wp-json\/wp\/v2\/product_tag?post=220364"}],"curies":[{"name":"wp","href":"https:\/\/api.w.org\/{rel}","templated":true}]}}