{"id":220397,"date":"2026-03-04T04:38:44","date_gmt":"2026-03-04T03:38:44","guid":{"rendered":"https:\/\/grupotextil.es\/producto\/malla-deportiva-roly-agia-0398ni-nina\/"},"modified":"2026-03-04T06:15:49","modified_gmt":"2026-03-04T05:15:49","slug":"malla-deportiva-roly-agia-0398ni-nina","status":"publish","type":"product","link":"https:\/\/grupotextil.es\/en\/product\/malla-deportiva-roly-agia-0398ni-nina\/","title":{"rendered":"Malla Deportiva Roly Agia 0398NI Ni\u00f1a"},"content":{"rendered":"<p>Malla larga deportiva de ni\u00f1a. Con cinturilla el\u00e1stica y paneles laterales a contraste.<\/p>","protected":false},"excerpt":{"rendered":"<p>Malla larga deportiva de ni\u00f1a. Con cinturilla el\u00e1stica y paneles laterales a contraste.<\/p>","protected":false},"featured_media":220398,"comment_status":"open","ping_status":"closed","template":"","meta":{"_acf_changed":false},"product_brand":[14011],"product_cat":[13939,13968,13976],"product_tag":[],"class_list":{"0":"post-220397","1":"product","2":"type-product","3":"status-publish","4":"has-post-thumbnail","6":"product_brand-roly","7":"product_cat-deportivo","8":"product_cat-rd-mallas-y-leggings","9":"product_cat-ropa-nino","10":"tm-no-options","12":"first","13":"instock","14":"taxable","15":"shipping-taxable","16":"product-type-variable"},"acf":[],"_links":{"self":[{"href":"https:\/\/grupotextil.es\/en\/wp-json\/wp\/v2\/product\/220397","targetHints":{"allow":["GET"]}}],"collection":[{"href":"https:\/\/grupotextil.es\/en\/wp-json\/wp\/v2\/product"}],"about":[{"href":"https:\/\/grupotextil.es\/en\/wp-json\/wp\/v2\/types\/product"}],"replies":[{"embeddable":true,"href":"https:\/\/grupotextil.es\/en\/wp-json\/wp\/v2\/comments?post=220397"}],"wp:featuredmedia":[{"embeddable":true,"href":"https:\/\/grupotextil.es\/en\/wp-json\/wp\/v2\/media\/220398"}],"wp:attachment":[{"href":"https:\/\/grupotextil.es\/en\/wp-json\/wp\/v2\/media?parent=220397"}],"wp:term":[{"taxonomy":"product_brand","embeddable":true,"href":"https:\/\/grupotextil.es\/en\/wp-json\/wp\/v2\/product_brand?post=220397"},{"taxonomy":"product_cat","embeddable":true,"href":"https:\/\/grupotextil.es\/en\/wp-json\/wp\/v2\/product_cat?post=220397"},{"taxonomy":"product_tag","embeddable":true,"href":"https:\/\/grupotextil.es\/en\/wp-json\/wp\/v2\/product_tag?post=220397"}],"curies":[{"name":"wp","href":"https:\/\/api.w.org\/{rel}","templated":true}]}}