{"id":220414,"date":"2026-03-04T04:38:57","date_gmt":"2026-03-04T03:38:57","guid":{"rendered":"https:\/\/grupotextil.es\/producto\/zapatillas-roly-biles-8300-unisex\/"},"modified":"2026-03-04T06:15:49","modified_gmt":"2026-03-04T05:15:49","slug":"zapatillas-roly-biles-8300-unisex","status":"publish","type":"product","link":"https:\/\/grupotextil.es\/en\/product\/zapatillas-roly-biles-8300-unisex\/","title":{"rendered":"Zapatillas Roly Biles 8300 Unisex"},"content":{"rendered":"<p>Zapatilla cl\u00e1sica en lona con suela de goma blanca decorada con l\u00edneas en color. Ojales laterales de ventilaci\u00f3n, punta de goma y cierre de cordones.<\/p>","protected":false},"excerpt":{"rendered":"<p>Zapatilla cl\u00e1sica en lona con suela de goma blanca decorada con l\u00edneas en color. Ojales laterales de ventilaci\u00f3n, punta de goma y cierre de cordones.<\/p>","protected":false},"featured_media":220415,"comment_status":"open","ping_status":"closed","template":"","meta":{"_acf_changed":false},"product_brand":[14011],"product_cat":[13948],"product_tag":[],"class_list":{"0":"post-220414","1":"product","2":"type-product","3":"status-publish","4":"has-post-thumbnail","6":"product_brand-roly","7":"product_cat-accesorios","8":"tm-no-options","10":"first","11":"instock","12":"taxable","13":"shipping-taxable","14":"product-type-variable"},"acf":[],"_links":{"self":[{"href":"https:\/\/grupotextil.es\/en\/wp-json\/wp\/v2\/product\/220414","targetHints":{"allow":["GET"]}}],"collection":[{"href":"https:\/\/grupotextil.es\/en\/wp-json\/wp\/v2\/product"}],"about":[{"href":"https:\/\/grupotextil.es\/en\/wp-json\/wp\/v2\/types\/product"}],"replies":[{"embeddable":true,"href":"https:\/\/grupotextil.es\/en\/wp-json\/wp\/v2\/comments?post=220414"}],"wp:featuredmedia":[{"embeddable":true,"href":"https:\/\/grupotextil.es\/en\/wp-json\/wp\/v2\/media\/220415"}],"wp:attachment":[{"href":"https:\/\/grupotextil.es\/en\/wp-json\/wp\/v2\/media?parent=220414"}],"wp:term":[{"taxonomy":"product_brand","embeddable":true,"href":"https:\/\/grupotextil.es\/en\/wp-json\/wp\/v2\/product_brand?post=220414"},{"taxonomy":"product_cat","embeddable":true,"href":"https:\/\/grupotextil.es\/en\/wp-json\/wp\/v2\/product_cat?post=220414"},{"taxonomy":"product_tag","embeddable":true,"href":"https:\/\/grupotextil.es\/en\/wp-json\/wp\/v2\/product_tag?post=220414"}],"curies":[{"name":"wp","href":"https:\/\/api.w.org\/{rel}","templated":true}]}}