{"id":220461,"date":"2026-03-04T04:39:55","date_gmt":"2026-03-04T03:39:55","guid":{"rendered":"https:\/\/grupotextil.es\/producto\/zapatillas-roly-owens-8315ni-nino\/"},"modified":"2026-03-04T06:15:49","modified_gmt":"2026-03-04T05:15:49","slug":"zapatillas-roly-owens-8315ni-nino","status":"publish","type":"product","link":"https:\/\/grupotextil.es\/en\/product\/zapatillas-roly-owens-8315ni-nino\/","title":{"rendered":"Zapatillas Roly Owens 8315NI Ni\u00f1o"},"content":{"rendered":"<p>Zapatilla deportiva de estilo cl\u00e1sico, muy c\u00f3moda e ideal para uso diario. Punta redondeada, suela de goma y lateral interior microperforado. Cierre de cordones en tallas grandes y cierre de velcro en tallas de la 25 a la 35 para ni\u00f1os peque\u00f1os.<\/p>","protected":false},"excerpt":{"rendered":"<p>Zapatilla deportiva de estilo cl\u00e1sico, muy c\u00f3moda e ideal para uso diario. Punta redondeada, suela de goma y lateral interior microperforado. Cierre de cordones en tallas grandes y cierre de velcro en tallas de la 25 a la 35 para ni\u00f1os peque\u00f1os.<\/p>","protected":false},"featured_media":220441,"comment_status":"open","ping_status":"closed","template":"","meta":{"_acf_changed":false},"product_brand":[14011],"product_cat":[13948],"product_tag":[],"class_list":{"0":"post-220461","1":"product","2":"type-product","3":"status-publish","4":"has-post-thumbnail","6":"product_brand-roly","7":"product_cat-accesorios","8":"tm-no-options","10":"first","11":"outofstock","12":"taxable","13":"shipping-taxable","14":"product-type-variable"},"acf":[],"_links":{"self":[{"href":"https:\/\/grupotextil.es\/en\/wp-json\/wp\/v2\/product\/220461","targetHints":{"allow":["GET"]}}],"collection":[{"href":"https:\/\/grupotextil.es\/en\/wp-json\/wp\/v2\/product"}],"about":[{"href":"https:\/\/grupotextil.es\/en\/wp-json\/wp\/v2\/types\/product"}],"replies":[{"embeddable":true,"href":"https:\/\/grupotextil.es\/en\/wp-json\/wp\/v2\/comments?post=220461"}],"wp:featuredmedia":[{"embeddable":true,"href":"https:\/\/grupotextil.es\/en\/wp-json\/wp\/v2\/media\/220441"}],"wp:attachment":[{"href":"https:\/\/grupotextil.es\/en\/wp-json\/wp\/v2\/media?parent=220461"}],"wp:term":[{"taxonomy":"product_brand","embeddable":true,"href":"https:\/\/grupotextil.es\/en\/wp-json\/wp\/v2\/product_brand?post=220461"},{"taxonomy":"product_cat","embeddable":true,"href":"https:\/\/grupotextil.es\/en\/wp-json\/wp\/v2\/product_cat?post=220461"},{"taxonomy":"product_tag","embeddable":true,"href":"https:\/\/grupotextil.es\/en\/wp-json\/wp\/v2\/product_tag?post=220461"}],"curies":[{"name":"wp","href":"https:\/\/api.w.org\/{rel}","templated":true}]}}