{"id":220495,"date":"2026-03-04T04:40:18","date_gmt":"2026-03-04T03:40:18","guid":{"rendered":"https:\/\/grupotextil.es\/producto\/outlet-altavoces-bluetooth-stamina-steve-3208\/"},"modified":"2026-03-04T06:15:50","modified_gmt":"2026-03-04T05:15:50","slug":"outlet-altavoces-bluetooth-stamina-steve-3208","status":"publish","type":"product","link":"https:\/\/grupotextil.es\/en\/product\/outlet-altavoces-bluetooth-stamina-steve-3208\/","title":{"rendered":"*OUTLET* Altavoces Bluetooth Stamina Steve 3208"},"content":{"rendered":"<p>Altavoz inal\u00e1mbrico Bluetooth 5.0 con cuerpo redondo de cemento y superficie de bamb\u00fa natural. Potencia 3W y bater\u00eda recargable. Cable de carga incluido. Presentaci\u00f3n en caja dise\u00f1o eco.<\/p>","protected":false},"excerpt":{"rendered":"<p>Altavoz inal\u00e1mbrico Bluetooth 5.0 con cuerpo redondo de cemento y superficie de bamb\u00fa natural. Potencia 3W y bater\u00eda recargable. Cable de carga incluido. Presentaci\u00f3n en caja dise\u00f1o eco.<\/p>","protected":false},"featured_media":220496,"comment_status":"open","ping_status":"closed","template":"","meta":{"_acf_changed":false},"product_brand":[14012],"product_cat":[13973],"product_tag":[],"class_list":{"0":"post-220495","1":"product","2":"type-product","3":"status-publish","4":"has-post-thumbnail","6":"product_brand-stamina","7":"product_cat-ropa","8":"tm-no-options","10":"first","11":"outofstock","12":"taxable","13":"shipping-taxable","14":"product-type-variable"},"acf":[],"_links":{"self":[{"href":"https:\/\/grupotextil.es\/en\/wp-json\/wp\/v2\/product\/220495","targetHints":{"allow":["GET"]}}],"collection":[{"href":"https:\/\/grupotextil.es\/en\/wp-json\/wp\/v2\/product"}],"about":[{"href":"https:\/\/grupotextil.es\/en\/wp-json\/wp\/v2\/types\/product"}],"replies":[{"embeddable":true,"href":"https:\/\/grupotextil.es\/en\/wp-json\/wp\/v2\/comments?post=220495"}],"wp:featuredmedia":[{"embeddable":true,"href":"https:\/\/grupotextil.es\/en\/wp-json\/wp\/v2\/media\/220496"}],"wp:attachment":[{"href":"https:\/\/grupotextil.es\/en\/wp-json\/wp\/v2\/media?parent=220495"}],"wp:term":[{"taxonomy":"product_brand","embeddable":true,"href":"https:\/\/grupotextil.es\/en\/wp-json\/wp\/v2\/product_brand?post=220495"},{"taxonomy":"product_cat","embeddable":true,"href":"https:\/\/grupotextil.es\/en\/wp-json\/wp\/v2\/product_cat?post=220495"},{"taxonomy":"product_tag","embeddable":true,"href":"https:\/\/grupotextil.es\/en\/wp-json\/wp\/v2\/product_tag?post=220495"}],"curies":[{"name":"wp","href":"https:\/\/api.w.org\/{rel}","templated":true}]}}