{"id":220501,"date":"2026-03-04T04:40:25","date_gmt":"2026-03-04T03:40:25","guid":{"rendered":"https:\/\/grupotextil.es\/producto\/altavoces-inalambrico-bluetooth-stamina-alesso-3210\/"},"modified":"2026-03-04T06:15:50","modified_gmt":"2026-03-04T05:15:50","slug":"altavoces-inalambrico-bluetooth-stamina-alesso-3210","status":"publish","type":"product","link":"https:\/\/grupotextil.es\/en\/product\/altavoces-inalambrico-bluetooth-stamina-alesso-3210\/","title":{"rendered":"Altavoces Inal\u00e1mbrico Bluetooth Stamina Alesso 3210"},"content":{"rendered":"<p>Altavoz inal\u00e1mbrico recargable con cuerpo elaborado en ABS, frontal en bamb\u00fa con membrana visible. Con potencia de 3W. Reproducci\u00f3n de audio mediante conexi\u00f3n Bluetooth y mediante entrada Mini Jack, situada en la parte inferior, para conexi\u00f3n con otro tipo dispositivo. Incorpora asa para transporte en polipiel.<\/p>","protected":false},"excerpt":{"rendered":"<p>Altavoz inal\u00e1mbrico recargable con cuerpo elaborado en ABS, frontal en bamb\u00fa con membrana visible. Con potencia de 3W. Reproducci\u00f3n de audio mediante conexi\u00f3n Bluetooth y mediante entrada Mini Jack, situada en la parte inferior, para conexi\u00f3n con otro tipo dispositivo. Incorpora asa para transporte en polipiel.<\/p>","protected":false},"featured_media":220502,"comment_status":"open","ping_status":"closed","template":"","meta":{"_acf_changed":false},"product_brand":[14012],"product_cat":[14006,13959],"product_tag":[],"class_list":{"0":"post-220501","1":"product","2":"type-product","3":"status-publish","4":"has-post-thumbnail","6":"product_brand-stamina","7":"product_cat-acc-merchandising","8":"product_cat-mr-tecnologia","9":"tm-no-options","11":"first","12":"instock","13":"taxable","14":"shipping-taxable","15":"product-type-variable"},"acf":[],"_links":{"self":[{"href":"https:\/\/grupotextil.es\/en\/wp-json\/wp\/v2\/product\/220501","targetHints":{"allow":["GET"]}}],"collection":[{"href":"https:\/\/grupotextil.es\/en\/wp-json\/wp\/v2\/product"}],"about":[{"href":"https:\/\/grupotextil.es\/en\/wp-json\/wp\/v2\/types\/product"}],"replies":[{"embeddable":true,"href":"https:\/\/grupotextil.es\/en\/wp-json\/wp\/v2\/comments?post=220501"}],"wp:featuredmedia":[{"embeddable":true,"href":"https:\/\/grupotextil.es\/en\/wp-json\/wp\/v2\/media\/220502"}],"wp:attachment":[{"href":"https:\/\/grupotextil.es\/en\/wp-json\/wp\/v2\/media?parent=220501"}],"wp:term":[{"taxonomy":"product_brand","embeddable":true,"href":"https:\/\/grupotextil.es\/en\/wp-json\/wp\/v2\/product_brand?post=220501"},{"taxonomy":"product_cat","embeddable":true,"href":"https:\/\/grupotextil.es\/en\/wp-json\/wp\/v2\/product_cat?post=220501"},{"taxonomy":"product_tag","embeddable":true,"href":"https:\/\/grupotextil.es\/en\/wp-json\/wp\/v2\/product_tag?post=220501"}],"curies":[{"name":"wp","href":"https:\/\/api.w.org\/{rel}","templated":true}]}}