{"id":220508,"date":"2026-03-04T04:40:38","date_gmt":"2026-03-04T03:40:38","guid":{"rendered":"https:\/\/grupotextil.es\/producto\/outlet-cargador-inalambrico-stamina-mars-3021\/"},"modified":"2026-03-04T06:15:50","modified_gmt":"2026-03-04T05:15:50","slug":"outlet-cargador-inalambrico-stamina-mars-3021","status":"publish","type":"product","link":"https:\/\/grupotextil.es\/en\/product\/outlet-cargador-inalambrico-stamina-mars-3021\/","title":{"rendered":"*OUTLET* Cargador Inal\u00e1mbrico Stamina Mars 3021"},"content":{"rendered":"<p>Cargador inal\u00e1mbrico con 5W de potencia, realizado con base cuadrada de cemento calizo y soporte rectangular de bamb\u00fa natural. Coloque su Smartphone sobre \u00e9l y d\u00e9jelo cargar. Compatible con modelos con tecnolog\u00eda inal\u00e1mbrica. Cable incluido.<\/p>","protected":false},"excerpt":{"rendered":"<p>Cargador inal\u00e1mbrico con 5W de potencia, realizado con base cuadrada de cemento calizo y soporte rectangular de bamb\u00fa natural. Coloque su Smartphone sobre \u00e9l y d\u00e9jelo cargar. Compatible con modelos con tecnolog\u00eda inal\u00e1mbrica. Cable incluido.<\/p>","protected":false},"featured_media":220509,"comment_status":"open","ping_status":"closed","template":"","meta":{"_acf_changed":false},"product_brand":[14012],"product_cat":[13973],"product_tag":[],"class_list":{"0":"post-220508","1":"product","2":"type-product","3":"status-publish","4":"has-post-thumbnail","6":"product_brand-stamina","7":"product_cat-ropa","8":"tm-no-options","10":"first","11":"outofstock","12":"taxable","13":"shipping-taxable","14":"product-type-variable"},"acf":[],"_links":{"self":[{"href":"https:\/\/grupotextil.es\/en\/wp-json\/wp\/v2\/product\/220508","targetHints":{"allow":["GET"]}}],"collection":[{"href":"https:\/\/grupotextil.es\/en\/wp-json\/wp\/v2\/product"}],"about":[{"href":"https:\/\/grupotextil.es\/en\/wp-json\/wp\/v2\/types\/product"}],"replies":[{"embeddable":true,"href":"https:\/\/grupotextil.es\/en\/wp-json\/wp\/v2\/comments?post=220508"}],"wp:featuredmedia":[{"embeddable":true,"href":"https:\/\/grupotextil.es\/en\/wp-json\/wp\/v2\/media\/220509"}],"wp:attachment":[{"href":"https:\/\/grupotextil.es\/en\/wp-json\/wp\/v2\/media?parent=220508"}],"wp:term":[{"taxonomy":"product_brand","embeddable":true,"href":"https:\/\/grupotextil.es\/en\/wp-json\/wp\/v2\/product_brand?post=220508"},{"taxonomy":"product_cat","embeddable":true,"href":"https:\/\/grupotextil.es\/en\/wp-json\/wp\/v2\/product_cat?post=220508"},{"taxonomy":"product_tag","embeddable":true,"href":"https:\/\/grupotextil.es\/en\/wp-json\/wp\/v2\/product_tag?post=220508"}],"curies":[{"name":"wp","href":"https:\/\/api.w.org\/{rel}","templated":true}]}}