{"id":220516,"date":"2026-03-04T04:40:50","date_gmt":"2026-03-04T03:40:50","guid":{"rendered":"https:\/\/grupotextil.es\/producto\/cargador-inalambrico-de-bambu-natural-stamina-gravity-3022\/"},"modified":"2026-03-04T06:15:50","modified_gmt":"2026-03-04T05:15:50","slug":"cargador-inalambrico-de-bambu-natural-stamina-gravity-3022","status":"publish","type":"product","link":"https:\/\/grupotextil.es\/en\/product\/cargador-inalambrico-de-bambu-natural-stamina-gravity-3022\/","title":{"rendered":"Cargador Inal\u00e1mbrico de Bamb\u00fa Natural Stamina Gravity 3022"},"content":{"rendered":"<p>Soporte con superficie de carga inal\u00e1mbrica elaborado en bamb\u00fa. Con potencia de 5W e indicador luminoso de confirmaci\u00f3n de carga. Cuenta con superficie en la base para sujeci\u00f3n de smartphone. Compatible con dispositivos m\u00f3viles provistos de tecnolog\u00eda de este tipo de carga. Conexi\u00f3n mediante cable Tipo C, incluido.<\/p>","protected":false},"excerpt":{"rendered":"<p>Soporte con superficie de carga inal\u00e1mbrica elaborado en bamb\u00fa. Con potencia de 5W e indicador luminoso de confirmaci\u00f3n de carga. Cuenta con superficie en la base para sujeci\u00f3n de smartphone. Compatible con dispositivos m\u00f3viles provistos de tecnolog\u00eda de este tipo de carga. Conexi\u00f3n mediante cable Tipo C, incluido.<\/p>","protected":false},"featured_media":220517,"comment_status":"open","ping_status":"closed","template":"","meta":{"_acf_changed":false},"product_brand":[14012],"product_cat":[14006,13959],"product_tag":[],"class_list":{"0":"post-220516","1":"product","2":"type-product","3":"status-publish","4":"has-post-thumbnail","6":"product_brand-stamina","7":"product_cat-acc-merchandising","8":"product_cat-mr-tecnologia","9":"tm-no-options","11":"first","12":"instock","13":"taxable","14":"shipping-taxable","15":"product-type-variable"},"acf":[],"_links":{"self":[{"href":"https:\/\/grupotextil.es\/en\/wp-json\/wp\/v2\/product\/220516","targetHints":{"allow":["GET"]}}],"collection":[{"href":"https:\/\/grupotextil.es\/en\/wp-json\/wp\/v2\/product"}],"about":[{"href":"https:\/\/grupotextil.es\/en\/wp-json\/wp\/v2\/types\/product"}],"replies":[{"embeddable":true,"href":"https:\/\/grupotextil.es\/en\/wp-json\/wp\/v2\/comments?post=220516"}],"wp:featuredmedia":[{"embeddable":true,"href":"https:\/\/grupotextil.es\/en\/wp-json\/wp\/v2\/media\/220517"}],"wp:attachment":[{"href":"https:\/\/grupotextil.es\/en\/wp-json\/wp\/v2\/media?parent=220516"}],"wp:term":[{"taxonomy":"product_brand","embeddable":true,"href":"https:\/\/grupotextil.es\/en\/wp-json\/wp\/v2\/product_brand?post=220516"},{"taxonomy":"product_cat","embeddable":true,"href":"https:\/\/grupotextil.es\/en\/wp-json\/wp\/v2\/product_cat?post=220516"},{"taxonomy":"product_tag","embeddable":true,"href":"https:\/\/grupotextil.es\/en\/wp-json\/wp\/v2\/product_tag?post=220516"}],"curies":[{"name":"wp","href":"https:\/\/api.w.org\/{rel}","templated":true}]}}