{"id":220525,"date":"2026-03-04T04:41:07","date_gmt":"2026-03-04T03:41:07","guid":{"rendered":"https:\/\/grupotextil.es\/producto\/puerto-usb-de-bambu-natural-stamina-neptune-3023\/"},"modified":"2026-03-04T06:15:50","modified_gmt":"2026-03-04T05:15:50","slug":"puerto-usb-de-bambu-natural-stamina-neptune-3023","status":"publish","type":"product","link":"https:\/\/grupotextil.es\/en\/product\/puerto-usb-de-bambu-natural-stamina-neptune-3023\/","title":{"rendered":"Puerto USB de Bamb\u00fa Natural Stamina Neptune 3023"},"content":{"rendered":"<p>Puerto USB realizado en bamb\u00fa. Dos salidas USB y una salida Tipo C. Con conexi\u00f3n a dispositivo mediante USB integrado.<\/p>","protected":false},"excerpt":{"rendered":"<p>Puerto USB realizado en bamb\u00fa. Dos salidas USB y una salida Tipo C. Con conexi\u00f3n a dispositivo mediante USB integrado.<\/p>","protected":false},"featured_media":220526,"comment_status":"open","ping_status":"closed","template":"","meta":{"_acf_changed":false},"product_brand":[14012],"product_cat":[14006,13959],"product_tag":[],"class_list":{"0":"post-220525","1":"product","2":"type-product","3":"status-publish","4":"has-post-thumbnail","6":"product_brand-stamina","7":"product_cat-acc-merchandising","8":"product_cat-mr-tecnologia","9":"tm-no-options","11":"first","12":"instock","13":"taxable","14":"shipping-taxable","15":"product-type-variable"},"acf":[],"_links":{"self":[{"href":"https:\/\/grupotextil.es\/en\/wp-json\/wp\/v2\/product\/220525","targetHints":{"allow":["GET"]}}],"collection":[{"href":"https:\/\/grupotextil.es\/en\/wp-json\/wp\/v2\/product"}],"about":[{"href":"https:\/\/grupotextil.es\/en\/wp-json\/wp\/v2\/types\/product"}],"replies":[{"embeddable":true,"href":"https:\/\/grupotextil.es\/en\/wp-json\/wp\/v2\/comments?post=220525"}],"wp:featuredmedia":[{"embeddable":true,"href":"https:\/\/grupotextil.es\/en\/wp-json\/wp\/v2\/media\/220526"}],"wp:attachment":[{"href":"https:\/\/grupotextil.es\/en\/wp-json\/wp\/v2\/media?parent=220525"}],"wp:term":[{"taxonomy":"product_brand","embeddable":true,"href":"https:\/\/grupotextil.es\/en\/wp-json\/wp\/v2\/product_brand?post=220525"},{"taxonomy":"product_cat","embeddable":true,"href":"https:\/\/grupotextil.es\/en\/wp-json\/wp\/v2\/product_cat?post=220525"},{"taxonomy":"product_tag","embeddable":true,"href":"https:\/\/grupotextil.es\/en\/wp-json\/wp\/v2\/product_tag?post=220525"}],"curies":[{"name":"wp","href":"https:\/\/api.w.org\/{rel}","templated":true}]}}