{"id":220574,"date":"2026-03-04T04:42:14","date_gmt":"2026-03-04T03:42:14","guid":{"rendered":"https:\/\/grupotextil.es\/producto\/boligrafo-con-pulsador-carton-reciclado-stamina-liande-8042\/"},"modified":"2026-03-04T06:15:50","modified_gmt":"2026-03-04T05:15:50","slug":"boligrafo-con-pulsador-carton-reciclado-stamina-liande-8042","status":"publish","type":"product","link":"https:\/\/grupotextil.es\/en\/product\/boligrafo-con-pulsador-carton-reciclado-stamina-liande-8042\/","title":{"rendered":"Bol\u00edgrafo con Pulsador Cart\u00f3n Reciclado Stamina Liande 8042"},"content":{"rendered":"<p>Bol\u00edgrafo de cart\u00f3n reciclado con capucha. Cuerpo y capucha de un mismo color liso.<\/p>","protected":false},"excerpt":{"rendered":"<p>Bol\u00edgrafo de cart\u00f3n reciclado con capucha. Cuerpo y capucha de un mismo color liso.<\/p>","protected":false},"featured_media":220575,"comment_status":"open","ping_status":"closed","template":"","meta":{"_acf_changed":false},"product_brand":[14012],"product_cat":[14006,13972],"product_tag":[],"class_list":{"0":"post-220574","1":"product","2":"type-product","3":"status-publish","4":"has-post-thumbnail","6":"product_brand-stamina","7":"product_cat-acc-merchandising","8":"product_cat-oficina-y-escritura","9":"tm-no-options","11":"first","12":"instock","13":"taxable","14":"shipping-taxable","15":"product-type-variable"},"acf":[],"_links":{"self":[{"href":"https:\/\/grupotextil.es\/en\/wp-json\/wp\/v2\/product\/220574","targetHints":{"allow":["GET"]}}],"collection":[{"href":"https:\/\/grupotextil.es\/en\/wp-json\/wp\/v2\/product"}],"about":[{"href":"https:\/\/grupotextil.es\/en\/wp-json\/wp\/v2\/types\/product"}],"replies":[{"embeddable":true,"href":"https:\/\/grupotextil.es\/en\/wp-json\/wp\/v2\/comments?post=220574"}],"wp:featuredmedia":[{"embeddable":true,"href":"https:\/\/grupotextil.es\/en\/wp-json\/wp\/v2\/media\/220575"}],"wp:attachment":[{"href":"https:\/\/grupotextil.es\/en\/wp-json\/wp\/v2\/media?parent=220574"}],"wp:term":[{"taxonomy":"product_brand","embeddable":true,"href":"https:\/\/grupotextil.es\/en\/wp-json\/wp\/v2\/product_brand?post=220574"},{"taxonomy":"product_cat","embeddable":true,"href":"https:\/\/grupotextil.es\/en\/wp-json\/wp\/v2\/product_cat?post=220574"},{"taxonomy":"product_tag","embeddable":true,"href":"https:\/\/grupotextil.es\/en\/wp-json\/wp\/v2\/product_tag?post=220574"}],"curies":[{"name":"wp","href":"https:\/\/api.w.org\/{rel}","templated":true}]}}