{"id":220719,"date":"2026-03-04T04:44:09","date_gmt":"2026-03-04T03:44:09","guid":{"rendered":"https:\/\/grupotextil.es\/producto\/outlet-pantalla-facial-stamina-cohn-9905\/"},"modified":"2026-03-04T06:15:51","modified_gmt":"2026-03-04T05:15:51","slug":"outlet-pantalla-facial-stamina-cohn-9905","status":"publish","type":"product","link":"https:\/\/grupotextil.es\/en\/product\/outlet-pantalla-facial-stamina-cohn-9905\/","title":{"rendered":"*OUTLET* Pantalla Facial Stamina Cohn 9905"},"content":{"rendered":"<p>Pantalla facial realizada en resistente material PET. Incluye cinta el\u00e1stica con c\u00f3modo y ergon\u00f3mico acolchado para su ajuste a la frente. Dise\u00f1o antivaho contra salpicaduras y polvo.<\/p>","protected":false},"excerpt":{"rendered":"<p>Pantalla facial realizada en resistente material PET. Incluye cinta el\u00e1stica con c\u00f3modo y ergon\u00f3mico acolchado para su ajuste a la frente. Dise\u00f1o antivaho contra salpicaduras y polvo.<\/p>","protected":false},"featured_media":220720,"comment_status":"open","ping_status":"closed","template":"","meta":{"_acf_changed":false},"product_brand":[14012],"product_cat":[13973],"product_tag":[],"class_list":{"0":"post-220719","1":"product","2":"type-product","3":"status-publish","4":"has-post-thumbnail","6":"product_brand-stamina","7":"product_cat-ropa","8":"tm-no-options","10":"first","11":"instock","12":"taxable","13":"shipping-taxable","14":"product-type-variable"},"acf":[],"_links":{"self":[{"href":"https:\/\/grupotextil.es\/en\/wp-json\/wp\/v2\/product\/220719","targetHints":{"allow":["GET"]}}],"collection":[{"href":"https:\/\/grupotextil.es\/en\/wp-json\/wp\/v2\/product"}],"about":[{"href":"https:\/\/grupotextil.es\/en\/wp-json\/wp\/v2\/types\/product"}],"replies":[{"embeddable":true,"href":"https:\/\/grupotextil.es\/en\/wp-json\/wp\/v2\/comments?post=220719"}],"wp:featuredmedia":[{"embeddable":true,"href":"https:\/\/grupotextil.es\/en\/wp-json\/wp\/v2\/media\/220720"}],"wp:attachment":[{"href":"https:\/\/grupotextil.es\/en\/wp-json\/wp\/v2\/media?parent=220719"}],"wp:term":[{"taxonomy":"product_brand","embeddable":true,"href":"https:\/\/grupotextil.es\/en\/wp-json\/wp\/v2\/product_brand?post=220719"},{"taxonomy":"product_cat","embeddable":true,"href":"https:\/\/grupotextil.es\/en\/wp-json\/wp\/v2\/product_cat?post=220719"},{"taxonomy":"product_tag","embeddable":true,"href":"https:\/\/grupotextil.es\/en\/wp-json\/wp\/v2\/product_tag?post=220719"}],"curies":[{"name":"wp","href":"https:\/\/api.w.org\/{rel}","templated":true}]}}