{"id":220957,"date":"2026-03-04T04:47:39","date_gmt":"2026-03-04T03:47:39","guid":{"rendered":"https:\/\/grupotextil.es\/producto\/outlet-camiseta-essential-stanley-stella-jazzer-sttw039\/"},"modified":"2026-03-04T06:15:52","modified_gmt":"2026-03-04T05:15:52","slug":"outlet-camiseta-essential-stanley-stella-jazzer-sttw039","status":"publish","type":"product","link":"https:\/\/grupotextil.es\/en\/product\/outlet-camiseta-essential-stanley-stella-jazzer-sttw039\/","title":{"rendered":"*OUTLET* Camiseta Essential Stanley\/Stella Jazzer STTW039"},"content":{"rendered":"<p>Manga pegada Cuello de canal\u00e9 1\u00d71 Bies interior de tejido principal en el cuello Tubular Puntada doble estrecha en pu\u00f1os y bajo<\/p>","protected":false},"excerpt":{"rendered":"<p>Manga pegada Cuello de canal\u00e9 1\u00d71 Bies interior de tejido principal en el cuello Tubular Puntada doble estrecha en pu\u00f1os y bajo<\/p>","protected":false},"featured_media":220958,"comment_status":"open","ping_status":"closed","template":"","meta":{"_acf_changed":false},"product_brand":[14178],"product_cat":[13973],"product_tag":[],"class_list":{"0":"post-220957","1":"product","2":"type-product","3":"status-publish","4":"has-post-thumbnail","6":"product_brand-stanley-stella","7":"product_cat-ropa","8":"tm-no-options","10":"first","11":"instock","12":"taxable","13":"shipping-taxable","14":"product-type-variable"},"acf":[],"_links":{"self":[{"href":"https:\/\/grupotextil.es\/en\/wp-json\/wp\/v2\/product\/220957","targetHints":{"allow":["GET"]}}],"collection":[{"href":"https:\/\/grupotextil.es\/en\/wp-json\/wp\/v2\/product"}],"about":[{"href":"https:\/\/grupotextil.es\/en\/wp-json\/wp\/v2\/types\/product"}],"replies":[{"embeddable":true,"href":"https:\/\/grupotextil.es\/en\/wp-json\/wp\/v2\/comments?post=220957"}],"wp:featuredmedia":[{"embeddable":true,"href":"https:\/\/grupotextil.es\/en\/wp-json\/wp\/v2\/media\/220958"}],"wp:attachment":[{"href":"https:\/\/grupotextil.es\/en\/wp-json\/wp\/v2\/media?parent=220957"}],"wp:term":[{"taxonomy":"product_brand","embeddable":true,"href":"https:\/\/grupotextil.es\/en\/wp-json\/wp\/v2\/product_brand?post=220957"},{"taxonomy":"product_cat","embeddable":true,"href":"https:\/\/grupotextil.es\/en\/wp-json\/wp\/v2\/product_cat?post=220957"},{"taxonomy":"product_tag","embeddable":true,"href":"https:\/\/grupotextil.es\/en\/wp-json\/wp\/v2\/product_tag?post=220957"}],"curies":[{"name":"wp","href":"https:\/\/api.w.org\/{rel}","templated":true}]}}