{"id":221004,"date":"2026-03-04T04:48:05","date_gmt":"2026-03-04T03:48:05","guid":{"rendered":"https:\/\/grupotextil.es\/producto\/mascarilla-personalizable-de-algodon\/"},"modified":"2026-03-04T06:15:52","modified_gmt":"2026-03-04T05:15:52","slug":"mascarilla-personalizable-de-algodon","status":"publish","type":"product","link":"https:\/\/grupotextil.es\/en\/product\/mascarilla-personalizable-de-algodon\/","title":{"rendered":"Mascarilla Personalizable De Algod\u00f3n"},"content":{"rendered":"<p>Esta mascarilla facial no quir\u00fargica de punto de algod\u00f3n 100% es vers\u00e1til, con un tama\u00f1o \u00fanico que se ajusta perfectamente sobre la nariz y la boca. De hecho, es gracias al caucho insertado en las costuras que esta m\u00e1scara destaca por su comodidad y soporte.<\/p>\n<p>Es perfectamente posible su reutilizaci\u00f3n ya que esta mascarilla puede soportar lavados de hasta 60 \u00b0<\/p>\n<p>La capa exterior de tela proporciona una excelente superficie de impresi\u00f3n.<\/p>\n<p>&nbsp;<\/p>","protected":false},"excerpt":{"rendered":"<p>Esta mascarilla facial no quir\u00fargica de punto de algod\u00f3n 100% es vers\u00e1til, con un tama\u00f1o \u00fanico que se ajusta perfectamente sobre la nariz y la boca. De hecho, es gracias al caucho insertado en las costuras que esta m\u00e1scara destaca por su comodidad y soporte.<\/p>\n<p>Es perfectamente posible su reutilizaci\u00f3n ya que esta mascarilla puede soportar lavados de hasta 60 \u00b0<\/p>\n<p>La capa exterior de tela proporciona una excelente superficie de impresi\u00f3n.<\/p>\n<p>&nbsp;<\/p>","protected":false},"featured_media":221005,"comment_status":"open","ping_status":"closed","template":"","meta":{"_acf_changed":false},"product_brand":[14179],"product_cat":[13930,13936],"product_tag":[],"class_list":{"0":"post-221004","1":"product","2":"type-product","3":"status-publish","4":"has-post-thumbnail","6":"product_brand-lumise","7":"product_cat-laboral","8":"product_cat-rl-sanidad-y-estetica","9":"tm-no-options","11":"first","12":"instock","13":"taxable","14":"shipping-taxable","15":"product-type-variable"},"acf":[],"_links":{"self":[{"href":"https:\/\/grupotextil.es\/en\/wp-json\/wp\/v2\/product\/221004","targetHints":{"allow":["GET"]}}],"collection":[{"href":"https:\/\/grupotextil.es\/en\/wp-json\/wp\/v2\/product"}],"about":[{"href":"https:\/\/grupotextil.es\/en\/wp-json\/wp\/v2\/types\/product"}],"replies":[{"embeddable":true,"href":"https:\/\/grupotextil.es\/en\/wp-json\/wp\/v2\/comments?post=221004"}],"wp:featuredmedia":[{"embeddable":true,"href":"https:\/\/grupotextil.es\/en\/wp-json\/wp\/v2\/media\/221005"}],"wp:attachment":[{"href":"https:\/\/grupotextil.es\/en\/wp-json\/wp\/v2\/media?parent=221004"}],"wp:term":[{"taxonomy":"product_brand","embeddable":true,"href":"https:\/\/grupotextil.es\/en\/wp-json\/wp\/v2\/product_brand?post=221004"},{"taxonomy":"product_cat","embeddable":true,"href":"https:\/\/grupotextil.es\/en\/wp-json\/wp\/v2\/product_cat?post=221004"},{"taxonomy":"product_tag","embeddable":true,"href":"https:\/\/grupotextil.es\/en\/wp-json\/wp\/v2\/product_tag?post=221004"}],"curies":[{"name":"wp","href":"https:\/\/api.w.org\/{rel}","templated":true}]}}