{"id":221029,"date":"2026-03-04T04:48:40","date_gmt":"2026-03-04T03:48:40","guid":{"rendered":"https:\/\/grupotextil.es\/producto\/bidon-stamina-pita-4011\/"},"modified":"2026-03-04T06:15:52","modified_gmt":"2026-03-04T05:15:52","slug":"bidon-stamina-pita-4011","status":"publish","type":"product","link":"https:\/\/grupotextil.es\/en\/product\/bidon-stamina-pita-4011\/","title":{"rendered":"Bid\u00f3n Stamina Pita 4011"},"content":{"rendered":"<p>Bid\u00f3n de acero inoxidable 304 con tap\u00f3n enroscable. Capacidad 630 ml. Realizado en diversos colores s\u00f3lidos de acabado mate, con el que resaltar tus dise\u00f1os.<\/p>","protected":false},"excerpt":{"rendered":"<p>Bid\u00f3n de acero inoxidable 304 con tap\u00f3n enroscable. Capacidad 630 ml. Realizado en diversos colores s\u00f3lidos de acabado mate, con el que resaltar tus dise\u00f1os.<\/p>","protected":false},"featured_media":221030,"comment_status":"open","ping_status":"closed","template":"","meta":{"_acf_changed":false},"product_brand":[14012],"product_cat":[13958,14006,13971],"product_tag":[],"class_list":{"0":"post-221029","1":"product","2":"type-product","3":"status-publish","4":"has-post-thumbnail","6":"product_brand-stamina","7":"product_cat-mr-botellas-y-termos","8":"product_cat-acc-merchandising","9":"product_cat-mr-tazas","10":"tm-no-options","12":"first","13":"instock","14":"taxable","15":"shipping-taxable","16":"product-type-variable"},"acf":[],"_links":{"self":[{"href":"https:\/\/grupotextil.es\/en\/wp-json\/wp\/v2\/product\/221029","targetHints":{"allow":["GET"]}}],"collection":[{"href":"https:\/\/grupotextil.es\/en\/wp-json\/wp\/v2\/product"}],"about":[{"href":"https:\/\/grupotextil.es\/en\/wp-json\/wp\/v2\/types\/product"}],"replies":[{"embeddable":true,"href":"https:\/\/grupotextil.es\/en\/wp-json\/wp\/v2\/comments?post=221029"}],"wp:featuredmedia":[{"embeddable":true,"href":"https:\/\/grupotextil.es\/en\/wp-json\/wp\/v2\/media\/221030"}],"wp:attachment":[{"href":"https:\/\/grupotextil.es\/en\/wp-json\/wp\/v2\/media?parent=221029"}],"wp:term":[{"taxonomy":"product_brand","embeddable":true,"href":"https:\/\/grupotextil.es\/en\/wp-json\/wp\/v2\/product_brand?post=221029"},{"taxonomy":"product_cat","embeddable":true,"href":"https:\/\/grupotextil.es\/en\/wp-json\/wp\/v2\/product_cat?post=221029"},{"taxonomy":"product_tag","embeddable":true,"href":"https:\/\/grupotextil.es\/en\/wp-json\/wp\/v2\/product_tag?post=221029"}],"curies":[{"name":"wp","href":"https:\/\/api.w.org\/{rel}","templated":true}]}}