{"id":221237,"date":"2026-03-04T04:53:09","date_gmt":"2026-03-04T03:53:09","guid":{"rendered":"https:\/\/grupotextil.es\/producto\/calcetin-navideno-stamina-reno-1308\/"},"modified":"2026-03-04T06:15:54","modified_gmt":"2026-03-04T05:15:54","slug":"calcetin-navideno-stamina-reno-1308","status":"publish","type":"product","link":"https:\/\/grupotextil.es\/en\/product\/calcetin-navideno-stamina-reno-1308\/","title":{"rendered":"Calcet\u00edn Navide\u00f1o Stamina Reno 1308"},"content":{"rendered":"<p>Calcet\u00edn elaborado en tejido non-woven en color blanco. Con un divertido dise\u00f1o navide\u00f1o para colorear. Se puede colorear con ceras, incluidas con el calcet\u00edn, en colores: azul, rojo, negro, amarillo y verde. Adem\u00e1s, cuenta con una tira para colgar tambi\u00e9n en blanco.<\/p>","protected":false},"excerpt":{"rendered":"<p>Calcet\u00edn elaborado en tejido non-woven en color blanco. Con un divertido dise\u00f1o navide\u00f1o para colorear. Se puede colorear con ceras, incluidas con el calcet\u00edn, en colores: azul, rojo, negro, amarillo y verde. Adem\u00e1s, cuenta con una tira para colgar tambi\u00e9n en blanco.<\/p>","protected":false},"featured_media":221238,"comment_status":"open","ping_status":"closed","template":"","meta":{"_acf_changed":false},"product_brand":[14012],"product_cat":[13973],"product_tag":[],"class_list":{"0":"post-221237","1":"product","2":"type-product","3":"status-publish","4":"has-post-thumbnail","6":"product_brand-stamina","7":"product_cat-ropa","8":"tm-no-options","10":"first","11":"instock","12":"taxable","13":"shipping-taxable","14":"product-type-variable"},"acf":[],"_links":{"self":[{"href":"https:\/\/grupotextil.es\/en\/wp-json\/wp\/v2\/product\/221237","targetHints":{"allow":["GET"]}}],"collection":[{"href":"https:\/\/grupotextil.es\/en\/wp-json\/wp\/v2\/product"}],"about":[{"href":"https:\/\/grupotextil.es\/en\/wp-json\/wp\/v2\/types\/product"}],"replies":[{"embeddable":true,"href":"https:\/\/grupotextil.es\/en\/wp-json\/wp\/v2\/comments?post=221237"}],"wp:featuredmedia":[{"embeddable":true,"href":"https:\/\/grupotextil.es\/en\/wp-json\/wp\/v2\/media\/221238"}],"wp:attachment":[{"href":"https:\/\/grupotextil.es\/en\/wp-json\/wp\/v2\/media?parent=221237"}],"wp:term":[{"taxonomy":"product_brand","embeddable":true,"href":"https:\/\/grupotextil.es\/en\/wp-json\/wp\/v2\/product_brand?post=221237"},{"taxonomy":"product_cat","embeddable":true,"href":"https:\/\/grupotextil.es\/en\/wp-json\/wp\/v2\/product_cat?post=221237"},{"taxonomy":"product_tag","embeddable":true,"href":"https:\/\/grupotextil.es\/en\/wp-json\/wp\/v2\/product_tag?post=221237"}],"curies":[{"name":"wp","href":"https:\/\/api.w.org\/{rel}","templated":true}]}}