{"id":221256,"date":"2026-03-04T04:53:38","date_gmt":"2026-03-04T03:53:38","guid":{"rendered":"https:\/\/grupotextil.es\/producto\/bateria-externa-stamina-rossum-3355\/"},"modified":"2026-03-04T06:15:54","modified_gmt":"2026-03-04T05:15:54","slug":"bateria-externa-stamina-rossum-3355","status":"publish","type":"product","link":"https:\/\/grupotextil.es\/en\/product\/bateria-externa-stamina-rossum-3355\/","title":{"rendered":"Bater\u00eda Externa Stamina Rossum 3355"},"content":{"rendered":"<p>Bater\u00eda externa de 5000 mAh, con cuerpo rectangular de ABS blanco y superficie de bamb\u00fa. Cuenta con dos puertos tipo C y puerto USB. Indicador luminoso de carga. Salida corriente tipo C.<\/p>","protected":false},"excerpt":{"rendered":"<p>Bater\u00eda externa de 5000 mAh, con cuerpo rectangular de ABS blanco y superficie de bamb\u00fa. Cuenta con dos puertos tipo C y puerto USB. Indicador luminoso de carga. Salida corriente tipo C.<\/p>","protected":false},"featured_media":221257,"comment_status":"open","ping_status":"closed","template":"","meta":{"_acf_changed":false},"product_brand":[14012],"product_cat":[14006,13959],"product_tag":[],"class_list":{"0":"post-221256","1":"product","2":"type-product","3":"status-publish","4":"has-post-thumbnail","6":"product_brand-stamina","7":"product_cat-acc-merchandising","8":"product_cat-mr-tecnologia","9":"tm-no-options","11":"first","12":"instock","13":"taxable","14":"shipping-taxable","15":"product-type-variable"},"acf":[],"_links":{"self":[{"href":"https:\/\/grupotextil.es\/en\/wp-json\/wp\/v2\/product\/221256","targetHints":{"allow":["GET"]}}],"collection":[{"href":"https:\/\/grupotextil.es\/en\/wp-json\/wp\/v2\/product"}],"about":[{"href":"https:\/\/grupotextil.es\/en\/wp-json\/wp\/v2\/types\/product"}],"replies":[{"embeddable":true,"href":"https:\/\/grupotextil.es\/en\/wp-json\/wp\/v2\/comments?post=221256"}],"wp:featuredmedia":[{"embeddable":true,"href":"https:\/\/grupotextil.es\/en\/wp-json\/wp\/v2\/media\/221257"}],"wp:attachment":[{"href":"https:\/\/grupotextil.es\/en\/wp-json\/wp\/v2\/media?parent=221256"}],"wp:term":[{"taxonomy":"product_brand","embeddable":true,"href":"https:\/\/grupotextil.es\/en\/wp-json\/wp\/v2\/product_brand?post=221256"},{"taxonomy":"product_cat","embeddable":true,"href":"https:\/\/grupotextil.es\/en\/wp-json\/wp\/v2\/product_cat?post=221256"},{"taxonomy":"product_tag","embeddable":true,"href":"https:\/\/grupotextil.es\/en\/wp-json\/wp\/v2\/product_tag?post=221256"}],"curies":[{"name":"wp","href":"https:\/\/api.w.org\/{rel}","templated":true}]}}