{"id":221263,"date":"2026-03-04T04:53:48","date_gmt":"2026-03-04T03:53:48","guid":{"rendered":"https:\/\/grupotextil.es\/producto\/altavoz-inalambrico-stamina-hardwell-3207\/"},"modified":"2026-03-04T06:15:54","modified_gmt":"2026-03-04T05:15:54","slug":"altavoz-inalambrico-stamina-hardwell-3207","status":"publish","type":"product","link":"https:\/\/grupotextil.es\/en\/product\/altavoz-inalambrico-stamina-hardwell-3207\/","title":{"rendered":"Altavoz Inal\u00e1mbrico Stamina Hardwell 3207"},"content":{"rendered":"<p>Altavoz inal\u00e1mbrico redondo con cuerpo elaborado en ABS y bamb\u00fa. Con base antideslizante y rejilla en color blanco. Con bater\u00eda recargable y potencia de 3W. Tiempo m\u00e1ximo de reproducci\u00f3n de hasta 4 horas. Con funci\u00f3n manos libres y micr\u00f3fono para realizar llamadas. Reproducci\u00f3n de audio Bluetooth, Radio FM y mediante tarjeta MicroSD. Incluye botones en la parte trasera para control de reproducci\u00f3n de audio y llamadas.<\/p>","protected":false},"excerpt":{"rendered":"<p>Altavoz inal\u00e1mbrico redondo con cuerpo elaborado en ABS y bamb\u00fa. Con base antideslizante y rejilla en color blanco. Con bater\u00eda recargable y potencia de 3W. Tiempo m\u00e1ximo de reproducci\u00f3n de hasta 4 horas. Con funci\u00f3n manos libres y micr\u00f3fono para realizar llamadas. Reproducci\u00f3n de audio Bluetooth, Radio FM y mediante tarjeta MicroSD. Incluye botones en la parte trasera para control de reproducci\u00f3n de audio y llamadas.<\/p>","protected":false},"featured_media":221264,"comment_status":"open","ping_status":"closed","template":"","meta":{"_acf_changed":false},"product_brand":[14012],"product_cat":[14006,13959],"product_tag":[],"class_list":{"0":"post-221263","1":"product","2":"type-product","3":"status-publish","4":"has-post-thumbnail","6":"product_brand-stamina","7":"product_cat-acc-merchandising","8":"product_cat-mr-tecnologia","9":"tm-no-options","11":"first","12":"instock","13":"taxable","14":"shipping-taxable","15":"product-type-variable"},"acf":[],"_links":{"self":[{"href":"https:\/\/grupotextil.es\/en\/wp-json\/wp\/v2\/product\/221263","targetHints":{"allow":["GET"]}}],"collection":[{"href":"https:\/\/grupotextil.es\/en\/wp-json\/wp\/v2\/product"}],"about":[{"href":"https:\/\/grupotextil.es\/en\/wp-json\/wp\/v2\/types\/product"}],"replies":[{"embeddable":true,"href":"https:\/\/grupotextil.es\/en\/wp-json\/wp\/v2\/comments?post=221263"}],"wp:featuredmedia":[{"embeddable":true,"href":"https:\/\/grupotextil.es\/en\/wp-json\/wp\/v2\/media\/221264"}],"wp:attachment":[{"href":"https:\/\/grupotextil.es\/en\/wp-json\/wp\/v2\/media?parent=221263"}],"wp:term":[{"taxonomy":"product_brand","embeddable":true,"href":"https:\/\/grupotextil.es\/en\/wp-json\/wp\/v2\/product_brand?post=221263"},{"taxonomy":"product_cat","embeddable":true,"href":"https:\/\/grupotextil.es\/en\/wp-json\/wp\/v2\/product_cat?post=221263"},{"taxonomy":"product_tag","embeddable":true,"href":"https:\/\/grupotextil.es\/en\/wp-json\/wp\/v2\/product_tag?post=221263"}],"curies":[{"name":"wp","href":"https:\/\/api.w.org\/{rel}","templated":true}]}}