{"id":221294,"date":"2026-03-04T04:54:38","date_gmt":"2026-03-04T03:54:38","guid":{"rendered":"https:\/\/grupotextil.es\/producto\/boligrafo-roller-stamina-coloma-8017\/"},"modified":"2026-03-04T06:15:54","modified_gmt":"2026-03-04T05:15:54","slug":"boligrafo-roller-stamina-coloma-8017","status":"publish","type":"product","link":"https:\/\/grupotextil.es\/en\/product\/boligrafo-roller-stamina-coloma-8017\/","title":{"rendered":"Bol\u00edgrafo Roller Stamina Coloma 8017"},"content":{"rendered":"<p>Bol\u00edgrafo tipo roller con clip met\u00e1lico y punta de acero. Cuerpo de vivos colores con tacto suave en acabado en textura suave. Carga jumbo de 0,7mm con tinta azul.<\/p>","protected":false},"excerpt":{"rendered":"<p>Bol\u00edgrafo tipo roller con clip met\u00e1lico y punta de acero. Cuerpo de vivos colores con tacto suave en acabado en textura suave. Carga jumbo de 0,7mm con tinta azul.<\/p>","protected":false},"featured_media":221295,"comment_status":"open","ping_status":"closed","template":"","meta":{"_acf_changed":false},"product_brand":[14012],"product_cat":[14006,13972],"product_tag":[],"class_list":{"0":"post-221294","1":"product","2":"type-product","3":"status-publish","4":"has-post-thumbnail","6":"product_brand-stamina","7":"product_cat-acc-merchandising","8":"product_cat-oficina-y-escritura","9":"tm-no-options","11":"first","12":"instock","13":"taxable","14":"shipping-taxable","15":"product-type-variable"},"acf":[],"_links":{"self":[{"href":"https:\/\/grupotextil.es\/en\/wp-json\/wp\/v2\/product\/221294","targetHints":{"allow":["GET"]}}],"collection":[{"href":"https:\/\/grupotextil.es\/en\/wp-json\/wp\/v2\/product"}],"about":[{"href":"https:\/\/grupotextil.es\/en\/wp-json\/wp\/v2\/types\/product"}],"replies":[{"embeddable":true,"href":"https:\/\/grupotextil.es\/en\/wp-json\/wp\/v2\/comments?post=221294"}],"wp:featuredmedia":[{"embeddable":true,"href":"https:\/\/grupotextil.es\/en\/wp-json\/wp\/v2\/media\/221295"}],"wp:attachment":[{"href":"https:\/\/grupotextil.es\/en\/wp-json\/wp\/v2\/media?parent=221294"}],"wp:term":[{"taxonomy":"product_brand","embeddable":true,"href":"https:\/\/grupotextil.es\/en\/wp-json\/wp\/v2\/product_brand?post=221294"},{"taxonomy":"product_cat","embeddable":true,"href":"https:\/\/grupotextil.es\/en\/wp-json\/wp\/v2\/product_cat?post=221294"},{"taxonomy":"product_tag","embeddable":true,"href":"https:\/\/grupotextil.es\/en\/wp-json\/wp\/v2\/product_tag?post=221294"}],"curies":[{"name":"wp","href":"https:\/\/api.w.org\/{rel}","templated":true}]}}