{"id":221309,"date":"2026-03-04T04:54:57","date_gmt":"2026-03-04T03:54:57","guid":{"rendered":"https:\/\/grupotextil.es\/producto\/bolsa-stamina-leaf-7553\/"},"modified":"2026-03-04T06:15:54","modified_gmt":"2026-03-04T05:15:54","slug":"bolsa-stamina-leaf-7553","status":"publish","type":"product","link":"https:\/\/grupotextil.es\/en\/product\/bolsa-stamina-leaf-7553\/","title":{"rendered":"Bolsa Stamina Leaf 7553"},"content":{"rendered":"<p>Bolsa para fruta 100% algod\u00f3n en color natural con asas de 60 cm. Con un dise\u00f1o que combina en mitad de la bolsa material suave y mitad en rejilla. Forma ergon\u00f3mica para mejor transporte de productos.<\/p>","protected":false},"excerpt":{"rendered":"<p>Bolsa para fruta 100% algod\u00f3n en color natural con asas de 60 cm. Con un dise\u00f1o que combina en mitad de la bolsa material suave y mitad en rejilla. Forma ergon\u00f3mica para mejor transporte de productos.<\/p>","protected":false},"featured_media":221310,"comment_status":"open","ping_status":"closed","template":"","meta":{"_acf_changed":false},"product_brand":[14012],"product_cat":[13954],"product_tag":[],"class_list":{"0":"post-221309","1":"product","2":"type-product","3":"status-publish","4":"has-post-thumbnail","6":"product_brand-stamina","7":"product_cat-acc-bolsas-y-mochilas","8":"tm-no-options","10":"first","11":"instock","12":"taxable","13":"shipping-taxable","14":"product-type-variable"},"acf":[],"_links":{"self":[{"href":"https:\/\/grupotextil.es\/en\/wp-json\/wp\/v2\/product\/221309","targetHints":{"allow":["GET"]}}],"collection":[{"href":"https:\/\/grupotextil.es\/en\/wp-json\/wp\/v2\/product"}],"about":[{"href":"https:\/\/grupotextil.es\/en\/wp-json\/wp\/v2\/types\/product"}],"replies":[{"embeddable":true,"href":"https:\/\/grupotextil.es\/en\/wp-json\/wp\/v2\/comments?post=221309"}],"wp:featuredmedia":[{"embeddable":true,"href":"https:\/\/grupotextil.es\/en\/wp-json\/wp\/v2\/media\/221310"}],"wp:attachment":[{"href":"https:\/\/grupotextil.es\/en\/wp-json\/wp\/v2\/media?parent=221309"}],"wp:term":[{"taxonomy":"product_brand","embeddable":true,"href":"https:\/\/grupotextil.es\/en\/wp-json\/wp\/v2\/product_brand?post=221309"},{"taxonomy":"product_cat","embeddable":true,"href":"https:\/\/grupotextil.es\/en\/wp-json\/wp\/v2\/product_cat?post=221309"},{"taxonomy":"product_tag","embeddable":true,"href":"https:\/\/grupotextil.es\/en\/wp-json\/wp\/v2\/product_tag?post=221309"}],"curies":[{"name":"wp","href":"https:\/\/api.w.org\/{rel}","templated":true}]}}