{"id":221314,"date":"2026-03-04T04:55:04","date_gmt":"2026-03-04T03:55:04","guid":{"rendered":"https:\/\/grupotextil.es\/producto\/bolsa-stamina-soil-7554\/"},"modified":"2026-03-04T06:15:55","modified_gmt":"2026-03-04T05:15:55","slug":"bolsa-stamina-soil-7554","status":"publish","type":"product","link":"https:\/\/grupotextil.es\/en\/product\/bolsa-stamina-soil-7554\/","title":{"rendered":"Bolsa Stamina Soil 7554"},"content":{"rendered":"<p>Bolsa multiusos ideal para la compra, de l\u00ednea eco 100% algod\u00f3n en color natural. Un lado de la bolsa en algod\u00f3n suave y otro lado en ligera rejilla. Cierre de cord\u00f3n y ajustador de pl\u00e1stico transparente.<\/p>","protected":false},"excerpt":{"rendered":"<p>Bolsa multiusos ideal para la compra, de l\u00ednea eco 100% algod\u00f3n en color natural. Un lado de la bolsa en algod\u00f3n suave y otro lado en ligera rejilla. Cierre de cord\u00f3n y ajustador de pl\u00e1stico transparente.<\/p>","protected":false},"featured_media":221315,"comment_status":"open","ping_status":"closed","template":"","meta":{"_acf_changed":false},"product_brand":[14012],"product_cat":[13954],"product_tag":[],"class_list":{"0":"post-221314","1":"product","2":"type-product","3":"status-publish","4":"has-post-thumbnail","6":"product_brand-stamina","7":"product_cat-acc-bolsas-y-mochilas","8":"tm-no-options","10":"first","11":"instock","12":"taxable","13":"shipping-taxable","14":"product-type-variable"},"acf":[],"_links":{"self":[{"href":"https:\/\/grupotextil.es\/en\/wp-json\/wp\/v2\/product\/221314","targetHints":{"allow":["GET"]}}],"collection":[{"href":"https:\/\/grupotextil.es\/en\/wp-json\/wp\/v2\/product"}],"about":[{"href":"https:\/\/grupotextil.es\/en\/wp-json\/wp\/v2\/types\/product"}],"replies":[{"embeddable":true,"href":"https:\/\/grupotextil.es\/en\/wp-json\/wp\/v2\/comments?post=221314"}],"wp:featuredmedia":[{"embeddable":true,"href":"https:\/\/grupotextil.es\/en\/wp-json\/wp\/v2\/media\/221315"}],"wp:attachment":[{"href":"https:\/\/grupotextil.es\/en\/wp-json\/wp\/v2\/media?parent=221314"}],"wp:term":[{"taxonomy":"product_brand","embeddable":true,"href":"https:\/\/grupotextil.es\/en\/wp-json\/wp\/v2\/product_brand?post=221314"},{"taxonomy":"product_cat","embeddable":true,"href":"https:\/\/grupotextil.es\/en\/wp-json\/wp\/v2\/product_cat?post=221314"},{"taxonomy":"product_tag","embeddable":true,"href":"https:\/\/grupotextil.es\/en\/wp-json\/wp\/v2\/product_tag?post=221314"}],"curies":[{"name":"wp","href":"https:\/\/api.w.org\/{rel}","templated":true}]}}